{"id":14261,"date":"2021-06-09T13:53:17","date_gmt":"2021-06-09T11:53:17","guid":{"rendered":"http:\/\/www.viewhardware.com\/?page_id=14261"},"modified":"2021-06-10T07:55:06","modified_gmt":"2021-06-10T05:55:06","slug":"almacenamiento","status":"publish","type":"page","link":"https:\/\/www.viewhardware.com\/index.php\/almacenamiento\/","title":{"rendered":"Almacenamiento"},"content":{"rendered":"<table>\n<tbody>\n<tr>\n<td>\n<div style=\"display: inline-block;\"><div id=\"threesixty-slider-6123_SZkbjD\" class=\"threesixty-loading threesixty-image threesixty-gray threesixty-glow\" style=\"width: 200px;\">\r\n\t<div class=\"threesixty-preview-6123_SZkbjD\"><img class=\"threesixty-preview-image\" src=\"https:\/\/www.viewhardware.com\/wp-content\/uploads\/2021\/04\/24-146.jpg\"\/><\/div>\r\n\t<div class=\"threesixty-spinner threesixty-spinner-6123_SZkbjD\">\r\n\t\t<span>0%<\/span>\r\n\t<\/div>\r\n\t<ol class=\"threesixty-images threesixty-images-6123_SZkbjD\"><\/ol>\r\n\t\t<\/div>\r\n<!--SPV--><script type=\"text\/javascript\">\/\/SPV\r\n(function($) {\r\n\t\tvar product_6123_SZkbjD = $('#threesixty-slider-6123_SZkbjD').ThreeSixty({\r\n\t\ttotalFrames: 24,\r\n\t\tendFrame: 0,\r\n\t\tcurrentFrame: 24,\r\n\t\timgList: '.threesixty-images-6123_SZkbjD',\r\n\t\tprogress: '.threesixty-spinner-6123_SZkbjD',\r\n\t\tpreview: '.threesixty-preview-6123_SZkbjD',\r\n\t\timages: ['https:\/\/www.viewhardware.com\/wp-content\/uploads\/2021\/04\/1-138.jpg','https:\/\/www.viewhardware.com\/wp-content\/uploads\/2021\/04\/2-138.jpg','https:\/\/www.viewhardware.com\/wp-content\/uploads\/2021\/04\/3-138.jpg','https:\/\/www.viewhardware.com\/wp-content\/uploads\/2021\/04\/4-138.jpg','https:\/\/www.viewhardware.com\/wp-content\/uploads\/2021\/04\/5-139.jpg','https:\/\/www.viewhardware.com\/wp-content\/uploads\/2021\/04\/6-138.jpg','https:\/\/www.viewhardware.com\/wp-content\/uploads\/2021\/04\/7-138.jpg','https:\/\/www.viewhardware.com\/wp-content\/uploads\/2021\/04\/8-138.jpg','https:\/\/www.viewhardware.com\/wp-content\/uploads\/2021\/04\/9-138.jpg','https:\/\/www.viewhardware.com\/wp-content\/uploads\/2021\/04\/10-146.jpg','https:\/\/www.viewhardware.com\/wp-content\/uploads\/2021\/04\/11-146.jpg','https:\/\/www.viewhardware.com\/wp-content\/uploads\/2021\/04\/12-146.jpg','https:\/\/www.viewhardware.com\/wp-content\/uploads\/2021\/04\/13-146.jpg','https:\/\/www.viewhardware.com\/wp-content\/uploads\/2021\/04\/14-146.jpg','https:\/\/www.viewhardware.com\/wp-content\/uploads\/2021\/04\/15-146.jpg','https:\/\/www.viewhardware.com\/wp-content\/uploads\/2021\/04\/16-146.jpg','https:\/\/www.viewhardware.com\/wp-content\/uploads\/2021\/04\/17-146.jpg','https:\/\/www.viewhardware.com\/wp-content\/uploads\/2021\/04\/18-146.jpg','https:\/\/www.viewhardware.com\/wp-content\/uploads\/2021\/04\/19-146.jpg','https:\/\/www.viewhardware.com\/wp-content\/uploads\/2021\/04\/20-145.jpg','https:\/\/www.viewhardware.com\/wp-content\/uploads\/2021\/04\/21-146.jpg','https:\/\/www.viewhardware.com\/wp-content\/uploads\/2021\/04\/22-146.jpg','https:\/\/www.viewhardware.com\/wp-content\/uploads\/2021\/04\/23-147.jpg','https:\/\/www.viewhardware.com\/wp-content\/uploads\/2021\/04\/24-146.jpg'],\r\n\t\theight: 0,\r\n\t\twidth: 200,\r\n\t\tnavigation: false,\r\n\t\tdrag: true,\r\n\t\tshowCursor: true,\r\n\t\tinterval: 100,\r\n\t\tspeedMultiplier: 7,\r\n\t\tmonitorInt: 10,\r\n\t\t\t\tonReady: function() {\r\n\t\t\t$(\"#threesixty-slider-6123_SZkbjD\").removeClass('threesixty-loading');\r\n\t\t\t\t\t\t\t\t}\r\n\t\t\t});\r\n\t\t\t}(jQuery));\r\n<\/script> <a href=\"http:\/\/www.viewhardware.com\/index.php\/discos-duros\/\">Discos Duros<\/a><\/div>\n<\/td>\n<td>\n<div style=\"display: inline-block;\"><div id=\"threesixty-slider-6353_DhXztL\" class=\"threesixty-loading threesixty-image threesixty-gray threesixty-glow\" style=\"width: 200px;\">\r\n\t<div class=\"threesixty-preview-6353_DhXztL\"><img class=\"threesixty-preview-image\" src=\"https:\/\/www.viewhardware.com\/wp-content\/uploads\/2021\/04\/24-155.jpg\"\/><\/div>\r\n\t<div class=\"threesixty-spinner threesixty-spinner-6353_DhXztL\">\r\n\t\t<span>0%<\/span>\r\n\t<\/div>\r\n\t<ol class=\"threesixty-images threesixty-images-6353_DhXztL\"><\/ol>\r\n\t\t<\/div>\r\n<!--SPV--><script type=\"text\/javascript\">\/\/SPV\r\n(function($) {\r\n\t\tvar product_6353_DhXztL = $('#threesixty-slider-6353_DhXztL').ThreeSixty({\r\n\t\ttotalFrames: 24,\r\n\t\tendFrame: 0,\r\n\t\tcurrentFrame: 24,\r\n\t\timgList: '.threesixty-images-6353_DhXztL',\r\n\t\tprogress: '.threesixty-spinner-6353_DhXztL',\r\n\t\tpreview: '.threesixty-preview-6353_DhXztL',\r\n\t\timages: ['https:\/\/www.viewhardware.com\/wp-content\/uploads\/2021\/04\/1-147.jpg','https:\/\/www.viewhardware.com\/wp-content\/uploads\/2021\/04\/2-148.jpg','https:\/\/www.viewhardware.com\/wp-content\/uploads\/2021\/04\/3-147.jpg','https:\/\/www.viewhardware.com\/wp-content\/uploads\/2021\/04\/4-147.jpg','https:\/\/www.viewhardware.com\/wp-content\/uploads\/2021\/04\/5-148.jpg','https:\/\/www.viewhardware.com\/wp-content\/uploads\/2021\/04\/6-147.jpg','https:\/\/www.viewhardware.com\/wp-content\/uploads\/2021\/04\/7-147.jpg','https:\/\/www.viewhardware.com\/wp-content\/uploads\/2021\/04\/8-147.jpg','https:\/\/www.viewhardware.com\/wp-content\/uploads\/2021\/04\/9-147.jpg','https:\/\/www.viewhardware.com\/wp-content\/uploads\/2021\/04\/10-155.jpg','https:\/\/www.viewhardware.com\/wp-content\/uploads\/2021\/04\/11-155.jpg','https:\/\/www.viewhardware.com\/wp-content\/uploads\/2021\/04\/12-155.jpg','https:\/\/www.viewhardware.com\/wp-content\/uploads\/2021\/04\/13-155.jpg','https:\/\/www.viewhardware.com\/wp-content\/uploads\/2021\/04\/14-155.jpg','https:\/\/www.viewhardware.com\/wp-content\/uploads\/2021\/04\/15-155.jpg','https:\/\/www.viewhardware.com\/wp-content\/uploads\/2021\/04\/16-155.jpg','https:\/\/www.viewhardware.com\/wp-content\/uploads\/2021\/04\/17-155.jpg','https:\/\/www.viewhardware.com\/wp-content\/uploads\/2021\/04\/18-155.jpg','https:\/\/www.viewhardware.com\/wp-content\/uploads\/2021\/04\/19-155.jpg','https:\/\/www.viewhardware.com\/wp-content\/uploads\/2021\/04\/20-154.jpg','https:\/\/www.viewhardware.com\/wp-content\/uploads\/2021\/04\/21-155.jpg','https:\/\/www.viewhardware.com\/wp-content\/uploads\/2021\/04\/22-155.jpg','https:\/\/www.viewhardware.com\/wp-content\/uploads\/2021\/04\/23-156.jpg','https:\/\/www.viewhardware.com\/wp-content\/uploads\/2021\/04\/24-155.jpg'],\r\n\t\theight: 0,\r\n\t\twidth: 200,\r\n\t\tnavigation: false,\r\n\t\tdrag: true,\r\n\t\tshowCursor: true,\r\n\t\tinterval: 100,\r\n\t\tspeedMultiplier: 7,\r\n\t\tmonitorInt: 10,\r\n\t\t\t\tonReady: function() {\r\n\t\t\t$(\"#threesixty-slider-6353_DhXztL\").removeClass('threesixty-loading');\r\n\t\t\t\t\t\t\t\t}\r\n\t\t\t});\r\n\t\t\t}(jQuery));\r\n<\/script><a href=\"http:\/\/www.viewhardware.com\/index.php\/unidades-opticas\/\">Unidades \u00d3pticas<\/a><\/div>\n<\/td>\n<\/tr>\n<tr>\n<td>\n<div style=\"display: inline-block;\"><div id=\"threesixty-slider-11353_De2cYo\" class=\"threesixty-loading threesixty-image threesixty-gray threesixty-glow\" style=\"width: 200px;\">\r\n\t<div class=\"threesixty-preview-11353_De2cYo\"><img class=\"threesixty-preview-image\" src=\"https:\/\/www.viewhardware.com\/wp-content\/uploads\/2021\/05\/24-109.jpg\"\/><\/div>\r\n\t<div class=\"threesixty-spinner threesixty-spinner-11353_De2cYo\">\r\n\t\t<span>0%<\/span>\r\n\t<\/div>\r\n\t<ol class=\"threesixty-images threesixty-images-11353_De2cYo\"><\/ol>\r\n\t\t<\/div>\r\n<!--SPV--><script type=\"text\/javascript\">\/\/SPV\r\n(function($) {\r\n\t\tvar product_11353_De2cYo = $('#threesixty-slider-11353_De2cYo').ThreeSixty({\r\n\t\ttotalFrames: 24,\r\n\t\tendFrame: 0,\r\n\t\tcurrentFrame: 24,\r\n\t\timgList: '.threesixty-images-11353_De2cYo',\r\n\t\tprogress: '.threesixty-spinner-11353_De2cYo',\r\n\t\tpreview: '.threesixty-preview-11353_De2cYo',\r\n\t\timages: ['https:\/\/www.viewhardware.com\/wp-content\/uploads\/2021\/05\/1-110.jpg','https:\/\/www.viewhardware.com\/wp-content\/uploads\/2021\/05\/2-109.jpg','https:\/\/www.viewhardware.com\/wp-content\/uploads\/2021\/05\/3-109.jpg','https:\/\/www.viewhardware.com\/wp-content\/uploads\/2021\/05\/4-109.jpg','https:\/\/www.viewhardware.com\/wp-content\/uploads\/2021\/05\/5-109.jpg','https:\/\/www.viewhardware.com\/wp-content\/uploads\/2021\/05\/6-111.jpg','https:\/\/www.viewhardware.com\/wp-content\/uploads\/2021\/05\/7-109.jpg','https:\/\/www.viewhardware.com\/wp-content\/uploads\/2021\/05\/8-111.jpg','https:\/\/www.viewhardware.com\/wp-content\/uploads\/2021\/05\/9-110.jpg','https:\/\/www.viewhardware.com\/wp-content\/uploads\/2021\/05\/10-112.jpg','https:\/\/www.viewhardware.com\/wp-content\/uploads\/2021\/05\/11-111.jpg','https:\/\/www.viewhardware.com\/wp-content\/uploads\/2021\/05\/12-111.jpg','https:\/\/www.viewhardware.com\/wp-content\/uploads\/2021\/05\/13-110.jpg','https:\/\/www.viewhardware.com\/wp-content\/uploads\/2021\/05\/14-111.jpg','https:\/\/www.viewhardware.com\/wp-content\/uploads\/2021\/05\/15-110.jpg','https:\/\/www.viewhardware.com\/wp-content\/uploads\/2021\/05\/16-110.jpg','https:\/\/www.viewhardware.com\/wp-content\/uploads\/2021\/05\/17-111.jpg','https:\/\/www.viewhardware.com\/wp-content\/uploads\/2021\/05\/18-111.jpg','https:\/\/www.viewhardware.com\/wp-content\/uploads\/2021\/05\/19-110.jpg','https:\/\/www.viewhardware.com\/wp-content\/uploads\/2021\/05\/20-109.jpg','https:\/\/www.viewhardware.com\/wp-content\/uploads\/2021\/05\/21-110.jpg','https:\/\/www.viewhardware.com\/wp-content\/uploads\/2021\/05\/22-109.jpg','https:\/\/www.viewhardware.com\/wp-content\/uploads\/2021\/05\/23-110.jpg','https:\/\/www.viewhardware.com\/wp-content\/uploads\/2021\/05\/24-109.jpg'],\r\n\t\theight: 0,\r\n\t\twidth: 200,\r\n\t\tnavigation: false,\r\n\t\tdrag: true,\r\n\t\tshowCursor: true,\r\n\t\tinterval: 100,\r\n\t\tspeedMultiplier: 7,\r\n\t\tmonitorInt: 10,\r\n\t\t\t\tonReady: function() {\r\n\t\t\t$(\"#threesixty-slider-11353_De2cYo\").removeClass('threesixty-loading');\r\n\t\t\t\t\t\t\t\t}\r\n\t\t\t});\r\n\t\t\t}(jQuery));\r\n<\/script><a href=\"http:\/\/www.viewhardware.com\/index.php\/disquetes-magneticos\/\">Disquetes\/Soportes Magn\u00e9ticos<\/a><\/div>\n<\/td>\n<td>\n<div style=\"display: inline-block;\"><div id=\"threesixty-slider-6224_Eep6An\" class=\"threesixty-loading threesixty-image threesixty-gray threesixty-glow\" style=\"width: 200px;\">\r\n\t<div class=\"threesixty-preview-6224_Eep6An\"><img class=\"threesixty-preview-image\" src=\"https:\/\/www.viewhardware.com\/wp-content\/uploads\/2021\/04\/24-150.jpg\"\/><\/div>\r\n\t<div class=\"threesixty-spinner threesixty-spinner-6224_Eep6An\">\r\n\t\t<span>0%<\/span>\r\n\t<\/div>\r\n\t<ol class=\"threesixty-images threesixty-images-6224_Eep6An\"><\/ol>\r\n\t\t<\/div>\r\n<!--SPV--><script type=\"text\/javascript\">\/\/SPV\r\n(function($) {\r\n\t\tvar product_6224_Eep6An = $('#threesixty-slider-6224_Eep6An').ThreeSixty({\r\n\t\ttotalFrames: 24,\r\n\t\tendFrame: 0,\r\n\t\tcurrentFrame: 24,\r\n\t\timgList: '.threesixty-images-6224_Eep6An',\r\n\t\tprogress: '.threesixty-spinner-6224_Eep6An',\r\n\t\tpreview: '.threesixty-preview-6224_Eep6An',\r\n\t\timages: ['https:\/\/www.viewhardware.com\/wp-content\/uploads\/2021\/04\/1-142.jpg','https:\/\/www.viewhardware.com\/wp-content\/uploads\/2021\/04\/2-142.jpg','https:\/\/www.viewhardware.com\/wp-content\/uploads\/2021\/04\/3-142.jpg','https:\/\/www.viewhardware.com\/wp-content\/uploads\/2021\/04\/4-142.jpg','https:\/\/www.viewhardware.com\/wp-content\/uploads\/2021\/04\/5-143.jpg','https:\/\/www.viewhardware.com\/wp-content\/uploads\/2021\/04\/6-142.jpg','https:\/\/www.viewhardware.com\/wp-content\/uploads\/2021\/04\/7-142.jpg','https:\/\/www.viewhardware.com\/wp-content\/uploads\/2021\/04\/8-142.jpg','https:\/\/www.viewhardware.com\/wp-content\/uploads\/2021\/04\/9-142.jpg','https:\/\/www.viewhardware.com\/wp-content\/uploads\/2021\/04\/10-150.jpg','https:\/\/www.viewhardware.com\/wp-content\/uploads\/2021\/04\/11-150.jpg','https:\/\/www.viewhardware.com\/wp-content\/uploads\/2021\/04\/12-150.jpg','https:\/\/www.viewhardware.com\/wp-content\/uploads\/2021\/04\/13-150.jpg','https:\/\/www.viewhardware.com\/wp-content\/uploads\/2021\/04\/14-150.jpg','https:\/\/www.viewhardware.com\/wp-content\/uploads\/2021\/04\/15-150.jpg','https:\/\/www.viewhardware.com\/wp-content\/uploads\/2021\/04\/16-150.jpg','https:\/\/www.viewhardware.com\/wp-content\/uploads\/2021\/04\/17-150.jpg','https:\/\/www.viewhardware.com\/wp-content\/uploads\/2021\/04\/18-150.jpg','https:\/\/www.viewhardware.com\/wp-content\/uploads\/2021\/04\/19-150.jpg','https:\/\/www.viewhardware.com\/wp-content\/uploads\/2021\/04\/20-149.jpg','https:\/\/www.viewhardware.com\/wp-content\/uploads\/2021\/04\/21-150.jpg','https:\/\/www.viewhardware.com\/wp-content\/uploads\/2021\/04\/22-150.jpg','https:\/\/www.viewhardware.com\/wp-content\/uploads\/2021\/04\/23-151.jpg','https:\/\/www.viewhardware.com\/wp-content\/uploads\/2021\/04\/24-150.jpg'],\r\n\t\theight: 0,\r\n\t\twidth: 200,\r\n\t\tnavigation: false,\r\n\t\tdrag: true,\r\n\t\tshowCursor: true,\r\n\t\tinterval: 100,\r\n\t\tspeedMultiplier: 7,\r\n\t\tmonitorInt: 10,\r\n\t\t\t\tonReady: function() {\r\n\t\t\t$(\"#threesixty-slider-6224_Eep6An\").removeClass('threesixty-loading');\r\n\t\t\t\t\t\t\t\t}\r\n\t\t\t});\r\n\t\t\t}(jQuery));\r\n<\/script><a href=\"http:\/\/www.viewhardware.com\/index.php\/cintas-magneticas\/\">Cintas Magn\u00e9ticas<\/a><\/div>\n<\/td>\n<\/tr>\n<tr>\n<td>\n<div style=\"display: inline-block;\"><div id=\"threesixty-slider-7010_3P0Yni\" class=\"threesixty-loading threesixty-image threesixty-gray threesixty-glow\" style=\"width: 200px;\">\r\n\t<div class=\"threesixty-preview-7010_3P0Yni\"><img class=\"threesixty-preview-image\" src=\"https:\/\/www.viewhardware.com\/wp-content\/uploads\/2021\/04\/24-181.jpg\"\/><\/div>\r\n\t<div class=\"threesixty-spinner threesixty-spinner-7010_3P0Yni\">\r\n\t\t<span>0%<\/span>\r\n\t<\/div>\r\n\t<ol class=\"threesixty-images threesixty-images-7010_3P0Yni\"><\/ol>\r\n\t\t<\/div>\r\n<!--SPV--><script type=\"text\/javascript\">\/\/SPV\r\n(function($) {\r\n\t\tvar product_7010_3P0Yni = $('#threesixty-slider-7010_3P0Yni').ThreeSixty({\r\n\t\ttotalFrames: 24,\r\n\t\tendFrame: 0,\r\n\t\tcurrentFrame: 24,\r\n\t\timgList: '.threesixty-images-7010_3P0Yni',\r\n\t\tprogress: '.threesixty-spinner-7010_3P0Yni',\r\n\t\tpreview: '.threesixty-preview-7010_3P0Yni',\r\n\t\timages: ['https:\/\/www.viewhardware.com\/wp-content\/uploads\/2021\/04\/1-172.jpg','https:\/\/www.viewhardware.com\/wp-content\/uploads\/2021\/04\/2-173.jpg','https:\/\/www.viewhardware.com\/wp-content\/uploads\/2021\/04\/3-173.jpg','https:\/\/www.viewhardware.com\/wp-content\/uploads\/2021\/04\/4-173.jpg','https:\/\/www.viewhardware.com\/wp-content\/uploads\/2021\/04\/5-174.jpg','https:\/\/www.viewhardware.com\/wp-content\/uploads\/2021\/04\/6-173.jpg','https:\/\/www.viewhardware.com\/wp-content\/uploads\/2021\/04\/7-173.jpg','https:\/\/www.viewhardware.com\/wp-content\/uploads\/2021\/04\/8-173.jpg','https:\/\/www.viewhardware.com\/wp-content\/uploads\/2021\/04\/9-173.jpg','https:\/\/www.viewhardware.com\/wp-content\/uploads\/2021\/04\/10-181.jpg','https:\/\/www.viewhardware.com\/wp-content\/uploads\/2021\/04\/11-181.jpg','https:\/\/www.viewhardware.com\/wp-content\/uploads\/2021\/04\/12-181.jpg','https:\/\/www.viewhardware.com\/wp-content\/uploads\/2021\/04\/13-181.jpg','https:\/\/www.viewhardware.com\/wp-content\/uploads\/2021\/04\/14-181.jpg','https:\/\/www.viewhardware.com\/wp-content\/uploads\/2021\/04\/15-181.jpg','https:\/\/www.viewhardware.com\/wp-content\/uploads\/2021\/04\/16-181.jpg','https:\/\/www.viewhardware.com\/wp-content\/uploads\/2021\/04\/17-181.jpg','https:\/\/www.viewhardware.com\/wp-content\/uploads\/2021\/04\/18-181.jpg','https:\/\/www.viewhardware.com\/wp-content\/uploads\/2021\/04\/19-181.jpg','https:\/\/www.viewhardware.com\/wp-content\/uploads\/2021\/04\/20-180.jpg','https:\/\/www.viewhardware.com\/wp-content\/uploads\/2021\/04\/21-181.jpg','https:\/\/www.viewhardware.com\/wp-content\/uploads\/2021\/04\/22-182.jpg','https:\/\/www.viewhardware.com\/wp-content\/uploads\/2021\/04\/23-183.jpg','https:\/\/www.viewhardware.com\/wp-content\/uploads\/2021\/04\/24-181.jpg'],\r\n\t\theight: 0,\r\n\t\twidth: 200,\r\n\t\tnavigation: false,\r\n\t\tdrag: true,\r\n\t\tshowCursor: true,\r\n\t\tinterval: 100,\r\n\t\tspeedMultiplier: 7,\r\n\t\tmonitorInt: 10,\r\n\t\t\t\tonReady: function() {\r\n\t\t\t$(\"#threesixty-slider-7010_3P0Yni\").removeClass('threesixty-loading');\r\n\t\t\t\t\t\t\t\t}\r\n\t\t\t});\r\n\t\t\t}(jQuery));\r\n<\/script><a href=\"http:\/\/www.viewhardware.com\/index.php\/magnetico-optico\/\">Magn\u00e9tico &#8211; \u00d3ptico<\/a><\/div>\n<\/td>\n<td>\n<div style=\"display: inline-block;\"><div id=\"threesixty-slider-11276_3p7RE7\" class=\"threesixty-loading threesixty-image threesixty-gray threesixty-glow\" style=\"width: 200px;\">\r\n\t<div class=\"threesixty-preview-11276_3p7RE7\"><img class=\"threesixty-preview-image\" src=\"https:\/\/www.viewhardware.com\/wp-content\/uploads\/2021\/05\/24-106.jpg\"\/><\/div>\r\n\t<div class=\"threesixty-spinner threesixty-spinner-11276_3p7RE7\">\r\n\t\t<span>0%<\/span>\r\n\t<\/div>\r\n\t<ol class=\"threesixty-images threesixty-images-11276_3p7RE7\"><\/ol>\r\n\t\t<\/div>\r\n<!--SPV--><script type=\"text\/javascript\">\/\/SPV\r\n(function($) {\r\n\t\tvar product_11276_3p7RE7 = $('#threesixty-slider-11276_3p7RE7').ThreeSixty({\r\n\t\ttotalFrames: 24,\r\n\t\tendFrame: 0,\r\n\t\tcurrentFrame: 24,\r\n\t\timgList: '.threesixty-images-11276_3p7RE7',\r\n\t\tprogress: '.threesixty-spinner-11276_3p7RE7',\r\n\t\tpreview: '.threesixty-preview-11276_3p7RE7',\r\n\t\timages: ['https:\/\/www.viewhardware.com\/wp-content\/uploads\/2021\/05\/1-106.jpg','https:\/\/www.viewhardware.com\/wp-content\/uploads\/2021\/05\/2-106.jpg','https:\/\/www.viewhardware.com\/wp-content\/uploads\/2021\/05\/3-106.jpg','https:\/\/www.viewhardware.com\/wp-content\/uploads\/2021\/05\/4-106.jpg','https:\/\/www.viewhardware.com\/wp-content\/uploads\/2021\/05\/5-106.jpg','https:\/\/www.viewhardware.com\/wp-content\/uploads\/2021\/05\/6-108.jpg','https:\/\/www.viewhardware.com\/wp-content\/uploads\/2021\/05\/7-106.jpg','https:\/\/www.viewhardware.com\/wp-content\/uploads\/2021\/05\/8-108.jpg','https:\/\/www.viewhardware.com\/wp-content\/uploads\/2021\/05\/9-107.jpg','https:\/\/www.viewhardware.com\/wp-content\/uploads\/2021\/05\/10-109.jpg','https:\/\/www.viewhardware.com\/wp-content\/uploads\/2021\/05\/11-108.jpg','https:\/\/www.viewhardware.com\/wp-content\/uploads\/2021\/05\/12-108.jpg','https:\/\/www.viewhardware.com\/wp-content\/uploads\/2021\/05\/13-107.jpg','https:\/\/www.viewhardware.com\/wp-content\/uploads\/2021\/05\/14-108.jpg','https:\/\/www.viewhardware.com\/wp-content\/uploads\/2021\/05\/15-107.jpg','https:\/\/www.viewhardware.com\/wp-content\/uploads\/2021\/05\/16-107.jpg','https:\/\/www.viewhardware.com\/wp-content\/uploads\/2021\/05\/17-108.jpg','https:\/\/www.viewhardware.com\/wp-content\/uploads\/2021\/05\/18-107.jpg','https:\/\/www.viewhardware.com\/wp-content\/uploads\/2021\/05\/19-107.jpg','https:\/\/www.viewhardware.com\/wp-content\/uploads\/2021\/05\/20-106.jpg','https:\/\/www.viewhardware.com\/wp-content\/uploads\/2021\/05\/21-107.jpg','https:\/\/www.viewhardware.com\/wp-content\/uploads\/2021\/05\/22-106.jpg','https:\/\/www.viewhardware.com\/wp-content\/uploads\/2021\/05\/23-107.jpg','https:\/\/www.viewhardware.com\/wp-content\/uploads\/2021\/05\/24-106.jpg'],\r\n\t\theight: 0,\r\n\t\twidth: 200,\r\n\t\tnavigation: false,\r\n\t\tdrag: true,\r\n\t\tshowCursor: true,\r\n\t\tinterval: 100,\r\n\t\tspeedMultiplier: 7,\r\n\t\tmonitorInt: 10,\r\n\t\t\t\tonReady: function() {\r\n\t\t\t$(\"#threesixty-slider-11276_3p7RE7\").removeClass('threesixty-loading');\r\n\t\t\t\t\t\t\t\t}\r\n\t\t\t});\r\n\t\t\t}(jQuery));\r\n<\/script><a href=\"http:\/\/www.viewhardware.com\/index.php\/discos-ssd\/\">Discos SSD<\/a><\/div>\n<\/td>\n<\/tr>\n<tr>\n<td>\n<div style=\"display: inline-block;\"><div id=\"threesixty-slider-11403_EKmWlJ\" class=\"threesixty-loading threesixty-image threesixty-gray threesixty-glow\" style=\"width: 200px;\">\r\n\t<div class=\"threesixty-preview-11403_EKmWlJ\"><img class=\"threesixty-preview-image\" src=\"https:\/\/www.viewhardware.com\/wp-content\/uploads\/2021\/05\/24-111.jpg\"\/><\/div>\r\n\t<div class=\"threesixty-spinner threesixty-spinner-11403_EKmWlJ\">\r\n\t\t<span>0%<\/span>\r\n\t<\/div>\r\n\t<ol class=\"threesixty-images threesixty-images-11403_EKmWlJ\"><\/ol>\r\n\t\t<\/div>\r\n<!--SPV--><script type=\"text\/javascript\">\/\/SPV\r\n(function($) {\r\n\t\tvar product_11403_EKmWlJ = $('#threesixty-slider-11403_EKmWlJ').ThreeSixty({\r\n\t\ttotalFrames: 24,\r\n\t\tendFrame: 0,\r\n\t\tcurrentFrame: 24,\r\n\t\timgList: '.threesixty-images-11403_EKmWlJ',\r\n\t\tprogress: '.threesixty-spinner-11403_EKmWlJ',\r\n\t\tpreview: '.threesixty-preview-11403_EKmWlJ',\r\n\t\timages: ['https:\/\/www.viewhardware.com\/wp-content\/uploads\/2021\/05\/1-112.jpg','https:\/\/www.viewhardware.com\/wp-content\/uploads\/2021\/05\/2-111.jpg','https:\/\/www.viewhardware.com\/wp-content\/uploads\/2021\/05\/3-111.jpg','https:\/\/www.viewhardware.com\/wp-content\/uploads\/2021\/05\/4-111.jpg','https:\/\/www.viewhardware.com\/wp-content\/uploads\/2021\/05\/5-111.jpg','https:\/\/www.viewhardware.com\/wp-content\/uploads\/2021\/05\/6-113.jpg','https:\/\/www.viewhardware.com\/wp-content\/uploads\/2021\/05\/7-111.jpg','https:\/\/www.viewhardware.com\/wp-content\/uploads\/2021\/05\/8-113.jpg','https:\/\/www.viewhardware.com\/wp-content\/uploads\/2021\/05\/9-112.jpg','https:\/\/www.viewhardware.com\/wp-content\/uploads\/2021\/05\/10-114.jpg','https:\/\/www.viewhardware.com\/wp-content\/uploads\/2021\/05\/11-113.jpg','https:\/\/www.viewhardware.com\/wp-content\/uploads\/2021\/05\/12-113.jpg','https:\/\/www.viewhardware.com\/wp-content\/uploads\/2021\/05\/13-112.jpg','https:\/\/www.viewhardware.com\/wp-content\/uploads\/2021\/05\/14-113.jpg','https:\/\/www.viewhardware.com\/wp-content\/uploads\/2021\/05\/15-112.jpg','https:\/\/www.viewhardware.com\/wp-content\/uploads\/2021\/05\/16-112.jpg','https:\/\/www.viewhardware.com\/wp-content\/uploads\/2021\/05\/17-113.jpg','https:\/\/www.viewhardware.com\/wp-content\/uploads\/2021\/05\/18-113.jpg','https:\/\/www.viewhardware.com\/wp-content\/uploads\/2021\/05\/19-112.jpg','https:\/\/www.viewhardware.com\/wp-content\/uploads\/2021\/05\/20-111.jpg','https:\/\/www.viewhardware.com\/wp-content\/uploads\/2021\/05\/21-112.jpg','https:\/\/www.viewhardware.com\/wp-content\/uploads\/2021\/05\/22-111.jpg','https:\/\/www.viewhardware.com\/wp-content\/uploads\/2021\/05\/23-112.jpg','https:\/\/www.viewhardware.com\/wp-content\/uploads\/2021\/05\/24-111.jpg'],\r\n\t\theight: 0,\r\n\t\twidth: 200,\r\n\t\tnavigation: false,\r\n\t\tdrag: true,\r\n\t\tshowCursor: true,\r\n\t\tinterval: 100,\r\n\t\tspeedMultiplier: 7,\r\n\t\tmonitorInt: 10,\r\n\t\t\t\tonReady: function() {\r\n\t\t\t$(\"#threesixty-slider-11403_EKmWlJ\").removeClass('threesixty-loading');\r\n\t\t\t\t\t\t\t\t}\r\n\t\t\t});\r\n\t\t\t}(jQuery));\r\n<\/script><a href=\"http:\/\/www.viewhardware.com\/index.php\/memoria-flash\/\">Memoria Flash<\/a><\/div>\n<\/td>\n<td>\n<div style=\"display: inline-block;\"><div id=\"threesixty-slider-11629_FmZ99J\" class=\"threesixty-loading threesixty-image threesixty-gray threesixty-glow\" style=\"width: 200px;\">\r\n\t<div class=\"threesixty-preview-11629_FmZ99J\"><img class=\"threesixty-preview-image\" src=\"https:\/\/www.viewhardware.com\/wp-content\/uploads\/2021\/05\/24-120.jpg\"\/><\/div>\r\n\t<div class=\"threesixty-spinner threesixty-spinner-11629_FmZ99J\">\r\n\t\t<span>0%<\/span>\r\n\t<\/div>\r\n\t<ol class=\"threesixty-images threesixty-images-11629_FmZ99J\"><\/ol>\r\n\t\t<\/div>\r\n<!--SPV--><script type=\"text\/javascript\">\/\/SPV\r\n(function($) {\r\n\t\tvar product_11629_FmZ99J = $('#threesixty-slider-11629_FmZ99J').ThreeSixty({\r\n\t\ttotalFrames: 24,\r\n\t\tendFrame: 0,\r\n\t\tcurrentFrame: 24,\r\n\t\timgList: '.threesixty-images-11629_FmZ99J',\r\n\t\tprogress: '.threesixty-spinner-11629_FmZ99J',\r\n\t\tpreview: '.threesixty-preview-11629_FmZ99J',\r\n\t\timages: ['https:\/\/www.viewhardware.com\/wp-content\/uploads\/2021\/05\/1-121.jpg','https:\/\/www.viewhardware.com\/wp-content\/uploads\/2021\/05\/2-120.jpg','https:\/\/www.viewhardware.com\/wp-content\/uploads\/2021\/05\/3-120.jpg','https:\/\/www.viewhardware.com\/wp-content\/uploads\/2021\/05\/4-120.jpg','https:\/\/www.viewhardware.com\/wp-content\/uploads\/2021\/05\/5-120.jpg','https:\/\/www.viewhardware.com\/wp-content\/uploads\/2021\/05\/6-122.jpg','https:\/\/www.viewhardware.com\/wp-content\/uploads\/2021\/05\/7-120.jpg','https:\/\/www.viewhardware.com\/wp-content\/uploads\/2021\/05\/8-122.jpg','https:\/\/www.viewhardware.com\/wp-content\/uploads\/2021\/05\/9-121.jpg','https:\/\/www.viewhardware.com\/wp-content\/uploads\/2021\/05\/10-123.jpg','https:\/\/www.viewhardware.com\/wp-content\/uploads\/2021\/05\/11-122.jpg','https:\/\/www.viewhardware.com\/wp-content\/uploads\/2021\/05\/12-122.jpg','https:\/\/www.viewhardware.com\/wp-content\/uploads\/2021\/05\/13-122.jpg','https:\/\/www.viewhardware.com\/wp-content\/uploads\/2021\/05\/14-122.jpg','https:\/\/www.viewhardware.com\/wp-content\/uploads\/2021\/05\/15-121.jpg','https:\/\/www.viewhardware.com\/wp-content\/uploads\/2021\/05\/16-121.jpg','https:\/\/www.viewhardware.com\/wp-content\/uploads\/2021\/05\/17-122.jpg','https:\/\/www.viewhardware.com\/wp-content\/uploads\/2021\/05\/18-122.jpg','https:\/\/www.viewhardware.com\/wp-content\/uploads\/2021\/05\/19-121.jpg','https:\/\/www.viewhardware.com\/wp-content\/uploads\/2021\/05\/20-120.jpg','https:\/\/www.viewhardware.com\/wp-content\/uploads\/2021\/05\/21-121.jpg','https:\/\/www.viewhardware.com\/wp-content\/uploads\/2021\/05\/22-120.jpg','https:\/\/www.viewhardware.com\/wp-content\/uploads\/2021\/05\/23-121.jpg','https:\/\/www.viewhardware.com\/wp-content\/uploads\/2021\/05\/24-120.jpg'],\r\n\t\theight: 0,\r\n\t\twidth: 200,\r\n\t\tnavigation: false,\r\n\t\tdrag: true,\r\n\t\tshowCursor: true,\r\n\t\tinterval: 100,\r\n\t\tspeedMultiplier: 7,\r\n\t\tmonitorInt: 10,\r\n\t\t\t\tonReady: function() {\r\n\t\t\t$(\"#threesixty-slider-11629_FmZ99J\").removeClass('threesixty-loading');\r\n\t\t\t\t\t\t\t\t}\r\n\t\t\t});\r\n\t\t\t}(jQuery));\r\n<\/script><a href=\"http:\/\/www.viewhardware.com\/index.php\/tarjetas-de-memoria\/\">Tarjetas de memoria<\/a><\/div>\n<\/td>\n<\/tr>\n<\/tbody>\n<\/table>\n ","protected":false},"excerpt":{"rendered":"<p>Discos Duros Unidades \u00d3pticas Disquetes\/Soportes Magn\u00e9ticos Cintas Magn\u00e9ticas Magn\u00e9tico &#8211; \u00d3ptico Discos SSD Memoria Flash Tarjetas de memoria<\/p>\n","protected":false},"author":4,"featured_media":0,"parent":0,"menu_order":0,"comment_status":"closed","ping_status":"closed","template":"","meta":[],"_links":{"self":[{"href":"https:\/\/www.viewhardware.com\/index.php\/wp-json\/wp\/v2\/pages\/14261"}],"collection":[{"href":"https:\/\/www.viewhardware.com\/index.php\/wp-json\/wp\/v2\/pages"}],"about":[{"href":"https:\/\/www.viewhardware.com\/index.php\/wp-json\/wp\/v2\/types\/page"}],"author":[{"embeddable":true,"href":"https:\/\/www.viewhardware.com\/index.php\/wp-json\/wp\/v2\/users\/4"}],"replies":[{"embeddable":true,"href":"https:\/\/www.viewhardware.com\/index.php\/wp-json\/wp\/v2\/comments?post=14261"}],"version-history":[{"count":6,"href":"https:\/\/www.viewhardware.com\/index.php\/wp-json\/wp\/v2\/pages\/14261\/revisions"}],"predecessor-version":[{"id":14292,"href":"https:\/\/www.viewhardware.com\/index.php\/wp-json\/wp\/v2\/pages\/14261\/revisions\/14292"}],"wp:attachment":[{"href":"https:\/\/www.viewhardware.com\/index.php\/wp-json\/wp\/v2\/media?parent=14261"}],"curies":[{"name":"wp","href":"https:\/\/api.w.org\/{rel}","templated":true}]}}