{"id":167,"date":"2019-04-08T12:30:02","date_gmt":"2019-04-08T11:30:02","guid":{"rendered":"http:\/\/www.viewhardware.com\/?page_id=167"},"modified":"2021-04-06T16:23:03","modified_gmt":"2021-04-06T15:23:03","slug":"como-surge-esta-web","status":"publish","type":"page","link":"https:\/\/www.viewhardware.com\/index.php\/como-surge-esta-web\/","title":{"rendered":"\u00bfC\u00f3mo surge esta Web?"},"content":{"rendered":"<p><span style=\"color: #333399;\">Tras varios a\u00f1os impartiendo distintos m\u00f3dulos pertenecientes a ciclos formativos de grado medio y superior, y recorrer distintos centros educativos he podido observar que los recursos de los que se disponen son limitados, eso s\u00ed, mucho mejor que cuando yo realizaba mis estudios.<\/span><\/p>\n<p><span style=\"color: #333399;\">En especial en los m\u00f3dulos de <strong>Montaje y Mantenimiento de Equipos (C.F.G.M. SMR)<\/strong>,<strong> Fundamentos del Hardware (C.F.G.S. ASIR) y Sistemas Inform\u00e1ticos(C.F.G.S. DAW &#8211; C.F.G.S. DAM)<\/strong> los elementos hardware (equipos, componentes, etc) que se disponen son pocos y en la mayor\u00eda de las veces son elementos ya en desuso o averiados provenientes de los distintos departamentos de los institutos, pero que son muy \u00fatiles para el alumno, ya que puede ver, manipular y trabajar con ellos. El problema es que no se dispone de gran variedad de modelos y tipos de los distintos elementos Hardware, y por ellos tenemos que recurrir a las im\u00e1genes que nos podemos encontrar en Internet.<\/span><\/p>\n<p><span style=\"color: #333399;\">Por lo que el objetivo de esta web es mostrar elementos Hardware de una forma distinta a la t\u00edpica fotogr\u00e1fica que encontramos en Internet, es decir, aqu\u00ed se muestran una gran variedad de componentes f\u00edsicos del ordenador en un <strong>entorno 360\u00ba<\/strong>, de tal forma que con el movimiento del rat\u00f3n podemos girar y poder ver lo m\u00e1s real posible cada uno de ellos, ademas de indicar sus caracter\u00edsticas principales.<\/span><\/p>\n<p><strong><span style=\"color: #333399;\">Debido a la situaci\u00f3n actual de COVID-19, esta web est\u00e1 cogiendo mucho mas inter\u00e9s, ya que los alumnos tienen mas limitado la manipulaci\u00f3n de dichos componentes en clase.<\/span><\/strong><\/p>\n<p><span style=\"color: #333399;\">El material que se muestra en esta Web es material que he recopilado tras muchos a\u00f1os en el mundo de la inform\u00e1tica, pero me gustar\u00eda que m\u00e1s gente pudiera contribuir con este proyecto de distintas formas, solo tienen que poner en contacto conmigo en <a href=\"mailto:webviewhardware@gmail.com\"><strong>webviewhardware@gmail.com<\/strong><\/a><\/span><\/p>\n<p>&nbsp;<\/p>\n<table>\n<tbody>\n<tr>\n<td><div id=\"threesixty-slider-1743_83pkNI\" class=\"threesixty-loading threesixty-image threesixty-gray threesixty-glow\" style=\"width: 400px;\">\r\n\t<div class=\"threesixty-preview-1743_83pkNI\"><img class=\"threesixty-preview-image\" src=\"https:\/\/www.viewhardware.com\/wp-content\/uploads\/2021\/05\/24-124.jpg\"\/><\/div>\r\n\t<div class=\"threesixty-spinner threesixty-spinner-1743_83pkNI\">\r\n\t\t<span>0%<\/span>\r\n\t<\/div>\r\n\t<ol class=\"threesixty-images threesixty-images-1743_83pkNI\"><\/ol>\r\n\t\t<\/div>\r\n<!--SPV--><script type=\"text\/javascript\">\/\/SPV\r\n(function($) {\r\n\t\tvar product_1743_83pkNI = $('#threesixty-slider-1743_83pkNI').ThreeSixty({\r\n\t\ttotalFrames: 24,\r\n\t\tendFrame: 0,\r\n\t\tcurrentFrame: 24,\r\n\t\timgList: '.threesixty-images-1743_83pkNI',\r\n\t\tprogress: '.threesixty-spinner-1743_83pkNI',\r\n\t\tpreview: '.threesixty-preview-1743_83pkNI',\r\n\t\timages: ['https:\/\/www.viewhardware.com\/wp-content\/uploads\/2021\/05\/01-1.jpg','https:\/\/www.viewhardware.com\/wp-content\/uploads\/2021\/05\/02-1.jpg','https:\/\/www.viewhardware.com\/wp-content\/uploads\/2021\/05\/03-1.jpg','https:\/\/www.viewhardware.com\/wp-content\/uploads\/2021\/05\/04-1.jpg','https:\/\/www.viewhardware.com\/wp-content\/uploads\/2021\/05\/05-1.jpg','https:\/\/www.viewhardware.com\/wp-content\/uploads\/2021\/05\/06-1.jpg','https:\/\/www.viewhardware.com\/wp-content\/uploads\/2021\/05\/07-1.jpg','https:\/\/www.viewhardware.com\/wp-content\/uploads\/2021\/05\/08-1.jpg','https:\/\/www.viewhardware.com\/wp-content\/uploads\/2021\/05\/09-1.jpg','https:\/\/www.viewhardware.com\/wp-content\/uploads\/2021\/05\/10-127.jpg','https:\/\/www.viewhardware.com\/wp-content\/uploads\/2021\/05\/11-126.jpg','https:\/\/www.viewhardware.com\/wp-content\/uploads\/2021\/05\/12-126.jpg','https:\/\/www.viewhardware.com\/wp-content\/uploads\/2021\/05\/13-126.jpg','https:\/\/www.viewhardware.com\/wp-content\/uploads\/2021\/05\/14-126.jpg','https:\/\/www.viewhardware.com\/wp-content\/uploads\/2021\/05\/15-125.jpg','https:\/\/www.viewhardware.com\/wp-content\/uploads\/2021\/05\/16-125.jpg','https:\/\/www.viewhardware.com\/wp-content\/uploads\/2021\/05\/17-126.jpg','https:\/\/www.viewhardware.com\/wp-content\/uploads\/2021\/05\/18-126.jpg','https:\/\/www.viewhardware.com\/wp-content\/uploads\/2021\/05\/19-125.jpg','https:\/\/www.viewhardware.com\/wp-content\/uploads\/2021\/05\/20-124.jpg','https:\/\/www.viewhardware.com\/wp-content\/uploads\/2021\/05\/21-125.jpg','https:\/\/www.viewhardware.com\/wp-content\/uploads\/2021\/05\/22-124.jpg','https:\/\/www.viewhardware.com\/wp-content\/uploads\/2021\/05\/23-125.jpg','https:\/\/www.viewhardware.com\/wp-content\/uploads\/2021\/05\/24-124.jpg'],\r\n\t\theight: 0,\r\n\t\twidth: 400,\r\n\t\tnavigation: false,\r\n\t\tdrag: true,\r\n\t\tshowCursor: true,\r\n\t\tinterval: 100,\r\n\t\tspeedMultiplier: 7,\r\n\t\tmonitorInt: 10,\r\n\t\t\t\tonReady: function() {\r\n\t\t\t$(\"#threesixty-slider-1743_83pkNI\").removeClass('threesixty-loading');\r\n\t\t\t\t\t\t\t\t}\r\n\t\t\t});\r\n\t\t\t}(jQuery));\r\n<\/script><\/td>\n<td><div id=\"threesixty-slider-1227_vXDIo1\" class=\"threesixty-loading threesixty-image threesixty-gray threesixty-glow\" style=\"width: 400px;\">\r\n\t<div class=\"threesixty-preview-1227_vXDIo1\"><img class=\"threesixty-preview-image\" src=\"https:\/\/www.viewhardware.com\/wp-content\/uploads\/2020\/09\/24-7.jpg\"\/><\/div>\r\n\t<div class=\"threesixty-spinner threesixty-spinner-1227_vXDIo1\">\r\n\t\t<span>0%<\/span>\r\n\t<\/div>\r\n\t<ol class=\"threesixty-images threesixty-images-1227_vXDIo1\"><\/ol>\r\n\t\t<\/div>\r\n<!--SPV--><script type=\"text\/javascript\">\/\/SPV\r\n(function($) {\r\n\t\tvar product_1227_vXDIo1 = $('#threesixty-slider-1227_vXDIo1').ThreeSixty({\r\n\t\ttotalFrames: 14,\r\n\t\tendFrame: 0,\r\n\t\tcurrentFrame: 14,\r\n\t\timgList: '.threesixty-images-1227_vXDIo1',\r\n\t\tprogress: '.threesixty-spinner-1227_vXDIo1',\r\n\t\tpreview: '.threesixty-preview-1227_vXDIo1',\r\n\t\timages: ['https:\/\/www.viewhardware.com\/wp-content\/uploads\/2020\/09\/01-7.jpg','https:\/\/www.viewhardware.com\/wp-content\/uploads\/2020\/09\/02-7.jpg','https:\/\/www.viewhardware.com\/wp-content\/uploads\/2020\/09\/03-7.jpg','https:\/\/www.viewhardware.com\/wp-content\/uploads\/2020\/09\/04-7.jpg','https:\/\/www.viewhardware.com\/wp-content\/uploads\/2020\/09\/05-7.jpg','https:\/\/www.viewhardware.com\/wp-content\/uploads\/2020\/09\/06-7.jpg','https:\/\/www.viewhardware.com\/wp-content\/uploads\/2020\/09\/07-7.jpg','https:\/\/www.viewhardware.com\/wp-content\/uploads\/2020\/09\/18-2.jpg','https:\/\/www.viewhardware.com\/wp-content\/uploads\/2020\/09\/19-7.jpg','https:\/\/www.viewhardware.com\/wp-content\/uploads\/2020\/09\/20-7.jpg','https:\/\/www.viewhardware.com\/wp-content\/uploads\/2020\/09\/21-7.jpg','https:\/\/www.viewhardware.com\/wp-content\/uploads\/2020\/09\/22-7.jpg','https:\/\/www.viewhardware.com\/wp-content\/uploads\/2020\/09\/23-7.jpg','https:\/\/www.viewhardware.com\/wp-content\/uploads\/2020\/09\/24-7.jpg'],\r\n\t\theight: 0,\r\n\t\twidth: 400,\r\n\t\tnavigation: false,\r\n\t\tdrag: true,\r\n\t\tshowCursor: true,\r\n\t\tinterval: 100,\r\n\t\tspeedMultiplier: 7,\r\n\t\tmonitorInt: 10,\r\n\t\t\t\tonReady: function() {\r\n\t\t\t$(\"#threesixty-slider-1227_vXDIo1\").removeClass('threesixty-loading');\r\n\t\t\t\t\t\t\t\t}\r\n\t\t\t});\r\n\t\t\t}(jQuery));\r\n<\/script><\/td>\n<\/tr>\n<tr>\n<td>Microprocesador Intel P4004<\/td>\n<td>Placa Base ASUS P5VD1-X<\/td>\n<\/tr>\n<\/tbody>\n<\/table>\n<p>&nbsp;<\/p>\n ","protected":false},"excerpt":{"rendered":"<p>Tras varios a\u00f1os impartiendo distintos m\u00f3dulos pertenecientes a ciclos formativos de grado medio y superior, y recorrer distintos centros educativos he podido observar que los recursos de los que se disponen son limitados, eso s\u00ed, mucho mejor que cuando yo <a href=\"https:\/\/www.viewhardware.com\/index.php\/como-surge-esta-web\/\" class=\"read-more\">Leer m\u00e1s &#8230;<\/a><\/p>\n","protected":false},"author":1,"featured_media":0,"parent":0,"menu_order":0,"comment_status":"closed","ping_status":"closed","template":"","meta":[],"_links":{"self":[{"href":"https:\/\/www.viewhardware.com\/index.php\/wp-json\/wp\/v2\/pages\/167"}],"collection":[{"href":"https:\/\/www.viewhardware.com\/index.php\/wp-json\/wp\/v2\/pages"}],"about":[{"href":"https:\/\/www.viewhardware.com\/index.php\/wp-json\/wp\/v2\/types\/page"}],"author":[{"embeddable":true,"href":"https:\/\/www.viewhardware.com\/index.php\/wp-json\/wp\/v2\/users\/1"}],"replies":[{"embeddable":true,"href":"https:\/\/www.viewhardware.com\/index.php\/wp-json\/wp\/v2\/comments?post=167"}],"version-history":[{"count":14,"href":"https:\/\/www.viewhardware.com\/index.php\/wp-json\/wp\/v2\/pages\/167\/revisions"}],"predecessor-version":[{"id":1775,"href":"https:\/\/www.viewhardware.com\/index.php\/wp-json\/wp\/v2\/pages\/167\/revisions\/1775"}],"wp:attachment":[{"href":"https:\/\/www.viewhardware.com\/index.php\/wp-json\/wp\/v2\/media?parent=167"}],"curies":[{"name":"wp","href":"https:\/\/api.w.org\/{rel}","templated":true}]}}