{"id":1906,"date":"2021-04-08T10:26:51","date_gmt":"2021-04-08T09:26:51","guid":{"rendered":"http:\/\/www.viewhardware.com\/?page_id=1906"},"modified":"2021-06-08T12:13:24","modified_gmt":"2021-06-08T10:13:24","slug":"mcs-4","status":"publish","type":"page","link":"https:\/\/www.viewhardware.com\/index.php\/mcs-4\/","title":{"rendered":"MCS-4"},"content":{"rendered":"<p><span style=\"color: #333399;\">El <strong>MCS-4<\/strong> (Micro-Computer Set-4) o 4000 Series o Busicom Chip Set era una familia de chipsets de microprocesador de 4 bits desarrollados por Intel. Todo el conjunto de chips estaba compuesto por cuatro chips individuales, incluida la CPU 4004, que se convirti\u00f3 en el primer microprocesador comercial. MCS-4 se complet\u00f3 en marzo de 1971, entr\u00f3 en producci\u00f3n en junio y se introdujo en el mercado el 15 de noviembre de 1971.<\/span><\/p>\n<p><img loading=\"lazy\" class=\" wp-image-1990 aligncenter\" src=\"http:\/\/www.viewhardware.com\/wp-content\/uploads\/2021\/04\/esquema-300x187.jpg\" alt=\"\" width=\"511\" height=\"318\" srcset=\"https:\/\/www.viewhardware.com\/wp-content\/uploads\/2021\/04\/esquema-300x187.jpg 300w, https:\/\/www.viewhardware.com\/wp-content\/uploads\/2021\/04\/esquema-1024x638.jpg 1024w, https:\/\/www.viewhardware.com\/wp-content\/uploads\/2021\/04\/esquema-768x479.jpg 768w, https:\/\/www.viewhardware.com\/wp-content\/uploads\/2021\/04\/esquema-360x224.jpg 360w, https:\/\/www.viewhardware.com\/wp-content\/uploads\/2021\/04\/esquema-100x62.jpg 100w, https:\/\/www.viewhardware.com\/wp-content\/uploads\/2021\/04\/esquema.jpg 1235w\" sizes=\"(max-width: 511px) 100vw, 511px\" \/><\/p>\n<p>&nbsp;<\/p>\n<table>\n<tbody>\n<tr>\n<td>\n<h5 style=\"text-align: center; display: inline-block;\"><div id=\"threesixty-slider-1825_umWEjR\" class=\"threesixty-loading threesixty-image threesixty-gray threesixty-glow\" style=\"width: 320px;\">\r\n\t<div class=\"threesixty-preview-1825_umWEjR\"><img class=\"threesixty-preview-image\" src=\"https:\/\/www.viewhardware.com\/wp-content\/uploads\/2021\/04\/24-3.jpg\"\/><\/div>\r\n\t<div class=\"threesixty-spinner threesixty-spinner-1825_umWEjR\">\r\n\t\t<span>0%<\/span>\r\n\t<\/div>\r\n\t<ol class=\"threesixty-images threesixty-images-1825_umWEjR\"><\/ol>\r\n\t\t<\/div>\r\n<!--SPV--><script type=\"text\/javascript\">\/\/SPV\r\n(function($) {\r\n\t\tvar product_1825_umWEjR = $('#threesixty-slider-1825_umWEjR').ThreeSixty({\r\n\t\ttotalFrames: 24,\r\n\t\tendFrame: 0,\r\n\t\tcurrentFrame: 24,\r\n\t\timgList: '.threesixty-images-1825_umWEjR',\r\n\t\tprogress: '.threesixty-spinner-1825_umWEjR',\r\n\t\tpreview: '.threesixty-preview-1825_umWEjR',\r\n\t\timages: ['https:\/\/www.viewhardware.com\/wp-content\/uploads\/2021\/04\/01-3.jpg','https:\/\/www.viewhardware.com\/wp-content\/uploads\/2021\/04\/02-3.jpg','https:\/\/www.viewhardware.com\/wp-content\/uploads\/2021\/04\/03-3.jpg','https:\/\/www.viewhardware.com\/wp-content\/uploads\/2021\/04\/04-3.jpg','https:\/\/www.viewhardware.com\/wp-content\/uploads\/2021\/04\/05-3.jpg','https:\/\/www.viewhardware.com\/wp-content\/uploads\/2021\/04\/06-3.jpg','https:\/\/www.viewhardware.com\/wp-content\/uploads\/2021\/04\/07-3.jpg','https:\/\/www.viewhardware.com\/wp-content\/uploads\/2021\/04\/08-3.jpg','https:\/\/www.viewhardware.com\/wp-content\/uploads\/2021\/04\/09-3.jpg','https:\/\/www.viewhardware.com\/wp-content\/uploads\/2021\/04\/10-3.jpg','https:\/\/www.viewhardware.com\/wp-content\/uploads\/2021\/04\/11-3.jpg','https:\/\/www.viewhardware.com\/wp-content\/uploads\/2021\/04\/12-3.jpg','https:\/\/www.viewhardware.com\/wp-content\/uploads\/2021\/04\/13-3.jpg','https:\/\/www.viewhardware.com\/wp-content\/uploads\/2021\/04\/14-3.jpg','https:\/\/www.viewhardware.com\/wp-content\/uploads\/2021\/04\/15-3.jpg','https:\/\/www.viewhardware.com\/wp-content\/uploads\/2021\/04\/16-3.jpg','https:\/\/www.viewhardware.com\/wp-content\/uploads\/2021\/04\/17-3.jpg','https:\/\/www.viewhardware.com\/wp-content\/uploads\/2021\/04\/18-3.jpg','https:\/\/www.viewhardware.com\/wp-content\/uploads\/2021\/04\/19-3.jpg','https:\/\/www.viewhardware.com\/wp-content\/uploads\/2021\/04\/20-3.jpg','https:\/\/www.viewhardware.com\/wp-content\/uploads\/2021\/04\/21-3.jpg','https:\/\/www.viewhardware.com\/wp-content\/uploads\/2021\/04\/22-3.jpg','https:\/\/www.viewhardware.com\/wp-content\/uploads\/2021\/04\/23-3.jpg','https:\/\/www.viewhardware.com\/wp-content\/uploads\/2021\/04\/24-3.jpg'],\r\n\t\theight: 0,\r\n\t\twidth: 320,\r\n\t\tnavigation: false,\r\n\t\tdrag: true,\r\n\t\tshowCursor: true,\r\n\t\tinterval: 100,\r\n\t\tspeedMultiplier: 7,\r\n\t\tmonitorInt: 10,\r\n\t\t\t\tonReady: function() {\r\n\t\t\t$(\"#threesixty-slider-1825_umWEjR\").removeClass('threesixty-loading');\r\n\t\t\t\t\t\t\t\t}\r\n\t\t\t});\r\n\t\t\t}(jQuery));\r\n<\/script><\/h5>\n<\/td>\n<td>\n<h5 style=\"text-align: center; display: inline-block;\"><div id=\"threesixty-slider-1937_zLPPDB\" class=\"threesixty-loading threesixty-image threesixty-gray threesixty-glow\" style=\"width: 320px;\">\r\n\t<div class=\"threesixty-preview-1937_zLPPDB\"><img class=\"threesixty-preview-image\" src=\"https:\/\/www.viewhardware.com\/wp-content\/uploads\/2021\/04\/21-7.jpg\"\/><\/div>\r\n\t<div class=\"threesixty-spinner threesixty-spinner-1937_zLPPDB\">\r\n\t\t<span>0%<\/span>\r\n\t<\/div>\r\n\t<ol class=\"threesixty-images threesixty-images-1937_zLPPDB\"><\/ol>\r\n\t\t<\/div>\r\n<!--SPV--><script type=\"text\/javascript\">\/\/SPV\r\n(function($) {\r\n\t\tvar product_1937_zLPPDB = $('#threesixty-slider-1937_zLPPDB').ThreeSixty({\r\n\t\ttotalFrames: 24,\r\n\t\tendFrame: 0,\r\n\t\tcurrentFrame: 24,\r\n\t\timgList: '.threesixty-images-1937_zLPPDB',\r\n\t\tprogress: '.threesixty-spinner-1937_zLPPDB',\r\n\t\tpreview: '.threesixty-preview-1937_zLPPDB',\r\n\t\timages: ['https:\/\/www.viewhardware.com\/wp-content\/uploads\/2021\/04\/22-7.jpg','https:\/\/www.viewhardware.com\/wp-content\/uploads\/2021\/04\/23-7.jpg','https:\/\/www.viewhardware.com\/wp-content\/uploads\/2021\/04\/24-7.jpg','https:\/\/www.viewhardware.com\/wp-content\/uploads\/2021\/04\/01-4.jpg','https:\/\/www.viewhardware.com\/wp-content\/uploads\/2021\/04\/02-4.jpg','https:\/\/www.viewhardware.com\/wp-content\/uploads\/2021\/04\/03-4.jpg','https:\/\/www.viewhardware.com\/wp-content\/uploads\/2021\/04\/04-4.jpg','https:\/\/www.viewhardware.com\/wp-content\/uploads\/2021\/04\/05-4.jpg','https:\/\/www.viewhardware.com\/wp-content\/uploads\/2021\/04\/06-4.jpg','https:\/\/www.viewhardware.com\/wp-content\/uploads\/2021\/04\/07-4.jpg','https:\/\/www.viewhardware.com\/wp-content\/uploads\/2021\/04\/08-4.jpg','https:\/\/www.viewhardware.com\/wp-content\/uploads\/2021\/04\/09-4.jpg','https:\/\/www.viewhardware.com\/wp-content\/uploads\/2021\/04\/10-7.jpg','https:\/\/www.viewhardware.com\/wp-content\/uploads\/2021\/04\/11-7.jpg','https:\/\/www.viewhardware.com\/wp-content\/uploads\/2021\/04\/12-7.jpg','https:\/\/www.viewhardware.com\/wp-content\/uploads\/2021\/04\/13-7.jpg','https:\/\/www.viewhardware.com\/wp-content\/uploads\/2021\/04\/14-7.jpg','https:\/\/www.viewhardware.com\/wp-content\/uploads\/2021\/04\/15-7.jpg','https:\/\/www.viewhardware.com\/wp-content\/uploads\/2021\/04\/16-7.jpg','https:\/\/www.viewhardware.com\/wp-content\/uploads\/2021\/04\/17-7.jpg','https:\/\/www.viewhardware.com\/wp-content\/uploads\/2021\/04\/18-7.jpg','https:\/\/www.viewhardware.com\/wp-content\/uploads\/2021\/04\/19-7.jpg','https:\/\/www.viewhardware.com\/wp-content\/uploads\/2021\/04\/20-7.jpg','https:\/\/www.viewhardware.com\/wp-content\/uploads\/2021\/04\/21-7.jpg'],\r\n\t\theight: 0,\r\n\t\twidth: 320,\r\n\t\tnavigation: false,\r\n\t\tdrag: true,\r\n\t\tshowCursor: true,\r\n\t\tinterval: 100,\r\n\t\tspeedMultiplier: 7,\r\n\t\tmonitorInt: 10,\r\n\t\t\t\tonReady: function() {\r\n\t\t\t$(\"#threesixty-slider-1937_zLPPDB\").removeClass('threesixty-loading');\r\n\t\t\t\t\t\t\t\t}\r\n\t\t\t});\r\n\t\t\t}(jQuery));\r\n<\/script><\/h5>\n<\/td>\n<\/tr>\n<tr>\n<td><strong>C4001<\/strong><\/p>\n<p><strong>ROM<\/strong> de 256 bytes (256 instrucciones de programa de 8bits), y un puerto incorporado de I\/O de 4 bits.<\/td>\n<td><strong>C4002<\/strong><\/p>\n<p><strong>RAM<\/strong> de 40 bytes (80 palabras de datos de 4 bits), y un puerto de salida incorporado de 4 bits.<\/td>\n<\/tr>\n<tr>\n<td>\n<h5 style=\"text-align: center; display: inline-block;\"><div id=\"threesixty-slider-1964_9T6JeO\" class=\"threesixty-loading threesixty-image threesixty-gray threesixty-glow\" style=\"width: 320px;\">\r\n\t<div class=\"threesixty-preview-1964_9T6JeO\"><img class=\"threesixty-preview-image\" src=\"https:\/\/www.viewhardware.com\/wp-content\/uploads\/2021\/04\/21-8.jpg\"\/><\/div>\r\n\t<div class=\"threesixty-spinner threesixty-spinner-1964_9T6JeO\">\r\n\t\t<span>0%<\/span>\r\n\t<\/div>\r\n\t<ol class=\"threesixty-images threesixty-images-1964_9T6JeO\"><\/ol>\r\n\t\t<\/div>\r\n<!--SPV--><script type=\"text\/javascript\">\/\/SPV\r\n(function($) {\r\n\t\tvar product_1964_9T6JeO = $('#threesixty-slider-1964_9T6JeO').ThreeSixty({\r\n\t\ttotalFrames: 24,\r\n\t\tendFrame: 0,\r\n\t\tcurrentFrame: 24,\r\n\t\timgList: '.threesixty-images-1964_9T6JeO',\r\n\t\tprogress: '.threesixty-spinner-1964_9T6JeO',\r\n\t\tpreview: '.threesixty-preview-1964_9T6JeO',\r\n\t\timages: ['https:\/\/www.viewhardware.com\/wp-content\/uploads\/2021\/04\/22-8.jpg','https:\/\/www.viewhardware.com\/wp-content\/uploads\/2021\/04\/23-8.jpg','https:\/\/www.viewhardware.com\/wp-content\/uploads\/2021\/04\/24-8.jpg','https:\/\/www.viewhardware.com\/wp-content\/uploads\/2021\/04\/01-5.jpg','https:\/\/www.viewhardware.com\/wp-content\/uploads\/2021\/04\/02-5.jpg','https:\/\/www.viewhardware.com\/wp-content\/uploads\/2021\/04\/03-5.jpg','https:\/\/www.viewhardware.com\/wp-content\/uploads\/2021\/04\/04-5.jpg','https:\/\/www.viewhardware.com\/wp-content\/uploads\/2021\/04\/05-5.jpg','https:\/\/www.viewhardware.com\/wp-content\/uploads\/2021\/04\/06-5.jpg','https:\/\/www.viewhardware.com\/wp-content\/uploads\/2021\/04\/07-5.jpg','https:\/\/www.viewhardware.com\/wp-content\/uploads\/2021\/04\/08-5.jpg','https:\/\/www.viewhardware.com\/wp-content\/uploads\/2021\/04\/09-5.jpg','https:\/\/www.viewhardware.com\/wp-content\/uploads\/2021\/04\/10-8.jpg','https:\/\/www.viewhardware.com\/wp-content\/uploads\/2021\/04\/11-8.jpg','https:\/\/www.viewhardware.com\/wp-content\/uploads\/2021\/04\/12-8.jpg','https:\/\/www.viewhardware.com\/wp-content\/uploads\/2021\/04\/13-8.jpg','https:\/\/www.viewhardware.com\/wp-content\/uploads\/2021\/04\/14-8.jpg','https:\/\/www.viewhardware.com\/wp-content\/uploads\/2021\/04\/15-8.jpg','https:\/\/www.viewhardware.com\/wp-content\/uploads\/2021\/04\/16-8.jpg','https:\/\/www.viewhardware.com\/wp-content\/uploads\/2021\/04\/17-8.jpg','https:\/\/www.viewhardware.com\/wp-content\/uploads\/2021\/04\/18-8.jpg','https:\/\/www.viewhardware.com\/wp-content\/uploads\/2021\/04\/19-8.jpg','https:\/\/www.viewhardware.com\/wp-content\/uploads\/2021\/04\/20-8.jpg','https:\/\/www.viewhardware.com\/wp-content\/uploads\/2021\/04\/21-8.jpg'],\r\n\t\theight: 0,\r\n\t\twidth: 320,\r\n\t\tnavigation: false,\r\n\t\tdrag: true,\r\n\t\tshowCursor: true,\r\n\t\tinterval: 100,\r\n\t\tspeedMultiplier: 7,\r\n\t\tmonitorInt: 10,\r\n\t\t\t\tonReady: function() {\r\n\t\t\t$(\"#threesixty-slider-1964_9T6JeO\").removeClass('threesixty-loading');\r\n\t\t\t\t\t\t\t\t}\r\n\t\t\t});\r\n\t\t\t}(jQuery));\r\n<\/script><\/h5>\n<\/td>\n<td>\n<h5 style=\"text-align: center; display: inline-block;\"><div id=\"threesixty-slider-1989_61nC9l\" class=\"threesixty-loading threesixty-image threesixty-gray threesixty-glow\" style=\"width: 320px;\">\r\n\t<div class=\"threesixty-preview-1989_61nC9l\"><img class=\"threesixty-preview-image\" src=\"https:\/\/www.viewhardware.com\/wp-content\/uploads\/2021\/04\/21-9.jpg\"\/><\/div>\r\n\t<div class=\"threesixty-spinner threesixty-spinner-1989_61nC9l\">\r\n\t\t<span>0%<\/span>\r\n\t<\/div>\r\n\t<ol class=\"threesixty-images threesixty-images-1989_61nC9l\"><\/ol>\r\n\t\t<\/div>\r\n<!--SPV--><script type=\"text\/javascript\">\/\/SPV\r\n(function($) {\r\n\t\tvar product_1989_61nC9l = $('#threesixty-slider-1989_61nC9l').ThreeSixty({\r\n\t\ttotalFrames: 24,\r\n\t\tendFrame: 0,\r\n\t\tcurrentFrame: 24,\r\n\t\timgList: '.threesixty-images-1989_61nC9l',\r\n\t\tprogress: '.threesixty-spinner-1989_61nC9l',\r\n\t\tpreview: '.threesixty-preview-1989_61nC9l',\r\n\t\timages: ['https:\/\/www.viewhardware.com\/wp-content\/uploads\/2021\/04\/22-9.jpg','https:\/\/www.viewhardware.com\/wp-content\/uploads\/2021\/04\/23-9.jpg','https:\/\/www.viewhardware.com\/wp-content\/uploads\/2021\/04\/24-9.jpg','https:\/\/www.viewhardware.com\/wp-content\/uploads\/2021\/04\/01-6.jpg','https:\/\/www.viewhardware.com\/wp-content\/uploads\/2021\/04\/02-6.jpg','https:\/\/www.viewhardware.com\/wp-content\/uploads\/2021\/04\/03-6.jpg','https:\/\/www.viewhardware.com\/wp-content\/uploads\/2021\/04\/04-6.jpg','https:\/\/www.viewhardware.com\/wp-content\/uploads\/2021\/04\/05-6.jpg','https:\/\/www.viewhardware.com\/wp-content\/uploads\/2021\/04\/06-6.jpg','https:\/\/www.viewhardware.com\/wp-content\/uploads\/2021\/04\/07-6.jpg','https:\/\/www.viewhardware.com\/wp-content\/uploads\/2021\/04\/08-6.jpg','https:\/\/www.viewhardware.com\/wp-content\/uploads\/2021\/04\/09-6.jpg','https:\/\/www.viewhardware.com\/wp-content\/uploads\/2021\/04\/10-9.jpg','https:\/\/www.viewhardware.com\/wp-content\/uploads\/2021\/04\/11-9.jpg','https:\/\/www.viewhardware.com\/wp-content\/uploads\/2021\/04\/12-9.jpg','https:\/\/www.viewhardware.com\/wp-content\/uploads\/2021\/04\/13-9.jpg','https:\/\/www.viewhardware.com\/wp-content\/uploads\/2021\/04\/14-9.jpg','https:\/\/www.viewhardware.com\/wp-content\/uploads\/2021\/04\/15-9.jpg','https:\/\/www.viewhardware.com\/wp-content\/uploads\/2021\/04\/16-9.jpg','https:\/\/www.viewhardware.com\/wp-content\/uploads\/2021\/04\/17-9.jpg','https:\/\/www.viewhardware.com\/wp-content\/uploads\/2021\/04\/18-9.jpg','https:\/\/www.viewhardware.com\/wp-content\/uploads\/2021\/04\/19-9.jpg','https:\/\/www.viewhardware.com\/wp-content\/uploads\/2021\/04\/20-9.jpg','https:\/\/www.viewhardware.com\/wp-content\/uploads\/2021\/04\/21-9.jpg'],\r\n\t\theight: 0,\r\n\t\twidth: 320,\r\n\t\tnavigation: false,\r\n\t\tdrag: true,\r\n\t\tshowCursor: true,\r\n\t\tinterval: 100,\r\n\t\tspeedMultiplier: 7,\r\n\t\tmonitorInt: 10,\r\n\t\t\t\tonReady: function() {\r\n\t\t\t$(\"#threesixty-slider-1989_61nC9l\").removeClass('threesixty-loading');\r\n\t\t\t\t\t\t\t\t}\r\n\t\t\t});\r\n\t\t\t}(jQuery));\r\n<\/script><\/h5>\n<\/td>\n<\/tr>\n<tr>\n<td><strong>C4003<\/strong><\/p>\n<p><strong>Shift Register<\/strong> (registro de desplazamiento) de salida paralela de 10 bits para explorar teclados, pantallas, impresoras, etc.<\/td>\n<td><strong>C4004<\/strong><\/p>\n<p><strong>Microprocesador<\/strong> &#8211; CPU de 4bits, fue el primer microprocesador en un simple chip, as\u00ed como el primero disponible comercialmente.<\/td>\n<\/tr>\n<\/tbody>\n<\/table>\n<p>&nbsp;<\/p>\n<table>\n<tbody>\n<tr>\n<td><img loading=\"lazy\" class=\"aligncenter wp-image-14204 size-full\" src=\"http:\/\/www.viewhardware.com\/wp-content\/uploads\/2021\/06\/WhatsApp-Image-2021-06-08-at-11.58.49.jpeg\" alt=\"\" width=\"1635\" height=\"1579\" srcset=\"https:\/\/www.viewhardware.com\/wp-content\/uploads\/2021\/06\/WhatsApp-Image-2021-06-08-at-11.58.49.jpeg 1635w, https:\/\/www.viewhardware.com\/wp-content\/uploads\/2021\/06\/WhatsApp-Image-2021-06-08-at-11.58.49-300x290.jpeg 300w, https:\/\/www.viewhardware.com\/wp-content\/uploads\/2021\/06\/WhatsApp-Image-2021-06-08-at-11.58.49-1024x989.jpeg 1024w, https:\/\/www.viewhardware.com\/wp-content\/uploads\/2021\/06\/WhatsApp-Image-2021-06-08-at-11.58.49-768x742.jpeg 768w, https:\/\/www.viewhardware.com\/wp-content\/uploads\/2021\/06\/WhatsApp-Image-2021-06-08-at-11.58.49-1536x1483.jpeg 1536w, https:\/\/www.viewhardware.com\/wp-content\/uploads\/2021\/06\/WhatsApp-Image-2021-06-08-at-11.58.49-280x270.jpeg 280w, https:\/\/www.viewhardware.com\/wp-content\/uploads\/2021\/06\/WhatsApp-Image-2021-06-08-at-11.58.49-100x97.jpeg 100w\" sizes=\"(max-width: 1635px) 100vw, 1635px\" \/><\/td>\n<\/tr>\n<\/tbody>\n<\/table>\n ","protected":false},"excerpt":{"rendered":"<p>El MCS-4 (Micro-Computer Set-4) o 4000 Series o Busicom Chip Set era una familia de chipsets de microprocesador de 4 bits desarrollados por Intel. Todo el conjunto de chips estaba compuesto por cuatro chips individuales, incluida la CPU 4004, que <a href=\"https:\/\/www.viewhardware.com\/index.php\/mcs-4\/\" class=\"read-more\">Leer m\u00e1s &#8230;<\/a><\/p>\n","protected":false},"author":1,"featured_media":0,"parent":0,"menu_order":0,"comment_status":"closed","ping_status":"closed","template":"","meta":[],"_links":{"self":[{"href":"https:\/\/www.viewhardware.com\/index.php\/wp-json\/wp\/v2\/pages\/1906"}],"collection":[{"href":"https:\/\/www.viewhardware.com\/index.php\/wp-json\/wp\/v2\/pages"}],"about":[{"href":"https:\/\/www.viewhardware.com\/index.php\/wp-json\/wp\/v2\/types\/page"}],"author":[{"embeddable":true,"href":"https:\/\/www.viewhardware.com\/index.php\/wp-json\/wp\/v2\/users\/1"}],"replies":[{"embeddable":true,"href":"https:\/\/www.viewhardware.com\/index.php\/wp-json\/wp\/v2\/comments?post=1906"}],"version-history":[{"count":16,"href":"https:\/\/www.viewhardware.com\/index.php\/wp-json\/wp\/v2\/pages\/1906\/revisions"}],"predecessor-version":[{"id":14206,"href":"https:\/\/www.viewhardware.com\/index.php\/wp-json\/wp\/v2\/pages\/1906\/revisions\/14206"}],"wp:attachment":[{"href":"https:\/\/www.viewhardware.com\/index.php\/wp-json\/wp\/v2\/media?parent=1906"}],"curies":[{"name":"wp","href":"https:\/\/api.w.org\/{rel}","templated":true}]}}