{"id":2030,"date":"2021-04-08T11:38:31","date_gmt":"2021-04-08T10:38:31","guid":{"rendered":"http:\/\/www.viewhardware.com\/?page_id=2030"},"modified":"2021-05-21T08:42:22","modified_gmt":"2021-05-21T06:42:22","slug":"cintas-magneticas","status":"publish","type":"page","link":"https:\/\/www.viewhardware.com\/index.php\/cintas-magneticas\/","title":{"rendered":"Cintas Magn\u00e9ticas"},"content":{"rendered":"<p>&nbsp;<\/p>\n<table>\n<tbody>\n<tr>\n<td>\n<h5 style=\"text-align: center; display: inline-block;\"><a href=\"http:\/\/www.viewhardware.com\/index.php\/intel-4004\/\"><div id=\"threesixty-slider-6249_CfBLex\" class=\"threesixty-loading threesixty-image threesixty-gray threesixty-glow\" style=\"width: 400px;\">\r\n\t<div class=\"threesixty-preview-6249_CfBLex\"><img class=\"threesixty-preview-image\" src=\"https:\/\/www.viewhardware.com\/wp-content\/uploads\/2021\/04\/24-151.jpg\"\/><\/div>\r\n\t<div class=\"threesixty-spinner threesixty-spinner-6249_CfBLex\">\r\n\t\t<span>0%<\/span>\r\n\t<\/div>\r\n\t<ol class=\"threesixty-images threesixty-images-6249_CfBLex\"><\/ol>\r\n\t\t<\/div>\r\n<!--SPV--><script type=\"text\/javascript\">\/\/SPV\r\n(function($) {\r\n\t\tvar product_6249_CfBLex = $('#threesixty-slider-6249_CfBLex').ThreeSixty({\r\n\t\ttotalFrames: 24,\r\n\t\tendFrame: 0,\r\n\t\tcurrentFrame: 24,\r\n\t\timgList: '.threesixty-images-6249_CfBLex',\r\n\t\tprogress: '.threesixty-spinner-6249_CfBLex',\r\n\t\tpreview: '.threesixty-preview-6249_CfBLex',\r\n\t\timages: ['https:\/\/www.viewhardware.com\/wp-content\/uploads\/2021\/04\/1-143.jpg','https:\/\/www.viewhardware.com\/wp-content\/uploads\/2021\/04\/2-143.jpg','https:\/\/www.viewhardware.com\/wp-content\/uploads\/2021\/04\/3-143.jpg','https:\/\/www.viewhardware.com\/wp-content\/uploads\/2021\/04\/4-143.jpg','https:\/\/www.viewhardware.com\/wp-content\/uploads\/2021\/04\/5-144.jpg','https:\/\/www.viewhardware.com\/wp-content\/uploads\/2021\/04\/6-143.jpg','https:\/\/www.viewhardware.com\/wp-content\/uploads\/2021\/04\/7-143.jpg','https:\/\/www.viewhardware.com\/wp-content\/uploads\/2021\/04\/8-143.jpg','https:\/\/www.viewhardware.com\/wp-content\/uploads\/2021\/04\/9-143.jpg','https:\/\/www.viewhardware.com\/wp-content\/uploads\/2021\/04\/10-151.jpg','https:\/\/www.viewhardware.com\/wp-content\/uploads\/2021\/04\/11-151.jpg','https:\/\/www.viewhardware.com\/wp-content\/uploads\/2021\/04\/12-151.jpg','https:\/\/www.viewhardware.com\/wp-content\/uploads\/2021\/04\/13-151.jpg','https:\/\/www.viewhardware.com\/wp-content\/uploads\/2021\/04\/14-151.jpg','https:\/\/www.viewhardware.com\/wp-content\/uploads\/2021\/04\/15-151.jpg','https:\/\/www.viewhardware.com\/wp-content\/uploads\/2021\/04\/16-151.jpg','https:\/\/www.viewhardware.com\/wp-content\/uploads\/2021\/04\/17-151.jpg','https:\/\/www.viewhardware.com\/wp-content\/uploads\/2021\/04\/18-151.jpg','https:\/\/www.viewhardware.com\/wp-content\/uploads\/2021\/04\/19-151.jpg','https:\/\/www.viewhardware.com\/wp-content\/uploads\/2021\/04\/20-150.jpg','https:\/\/www.viewhardware.com\/wp-content\/uploads\/2021\/04\/21-151.jpg','https:\/\/www.viewhardware.com\/wp-content\/uploads\/2021\/04\/22-151.jpg','https:\/\/www.viewhardware.com\/wp-content\/uploads\/2021\/04\/23-152.jpg','https:\/\/www.viewhardware.com\/wp-content\/uploads\/2021\/04\/24-151.jpg'],\r\n\t\theight: 0,\r\n\t\twidth: 400,\r\n\t\tnavigation: false,\r\n\t\tdrag: true,\r\n\t\tshowCursor: true,\r\n\t\tinterval: 100,\r\n\t\tspeedMultiplier: 7,\r\n\t\tmonitorInt: 10,\r\n\t\t\t\tonReady: function() {\r\n\t\t\t$(\"#threesixty-slider-6249_CfBLex\").removeClass('threesixty-loading');\r\n\t\t\t\t\t\t\t\t}\r\n\t\t\t});\r\n\t\t\t}(jQuery));\r\n<\/script><\/a><\/h5>\n<h5 style=\"text-align: center; display: inline-block;\"><a href=\"http:\/\/www.viewhardware.com\/index.php\/intel-4004\/\"><div id=\"threesixty-slider-6224_617oh7\" class=\"threesixty-loading threesixty-image threesixty-gray threesixty-glow\" style=\"width: 400px;\">\r\n\t<div class=\"threesixty-preview-6224_617oh7\"><img class=\"threesixty-preview-image\" src=\"https:\/\/www.viewhardware.com\/wp-content\/uploads\/2021\/04\/24-150.jpg\"\/><\/div>\r\n\t<div class=\"threesixty-spinner threesixty-spinner-6224_617oh7\">\r\n\t\t<span>0%<\/span>\r\n\t<\/div>\r\n\t<ol class=\"threesixty-images threesixty-images-6224_617oh7\"><\/ol>\r\n\t\t<\/div>\r\n<!--SPV--><script type=\"text\/javascript\">\/\/SPV\r\n(function($) {\r\n\t\tvar product_6224_617oh7 = $('#threesixty-slider-6224_617oh7').ThreeSixty({\r\n\t\ttotalFrames: 24,\r\n\t\tendFrame: 0,\r\n\t\tcurrentFrame: 24,\r\n\t\timgList: '.threesixty-images-6224_617oh7',\r\n\t\tprogress: '.threesixty-spinner-6224_617oh7',\r\n\t\tpreview: '.threesixty-preview-6224_617oh7',\r\n\t\timages: ['https:\/\/www.viewhardware.com\/wp-content\/uploads\/2021\/04\/1-142.jpg','https:\/\/www.viewhardware.com\/wp-content\/uploads\/2021\/04\/2-142.jpg','https:\/\/www.viewhardware.com\/wp-content\/uploads\/2021\/04\/3-142.jpg','https:\/\/www.viewhardware.com\/wp-content\/uploads\/2021\/04\/4-142.jpg','https:\/\/www.viewhardware.com\/wp-content\/uploads\/2021\/04\/5-143.jpg','https:\/\/www.viewhardware.com\/wp-content\/uploads\/2021\/04\/6-142.jpg','https:\/\/www.viewhardware.com\/wp-content\/uploads\/2021\/04\/7-142.jpg','https:\/\/www.viewhardware.com\/wp-content\/uploads\/2021\/04\/8-142.jpg','https:\/\/www.viewhardware.com\/wp-content\/uploads\/2021\/04\/9-142.jpg','https:\/\/www.viewhardware.com\/wp-content\/uploads\/2021\/04\/10-150.jpg','https:\/\/www.viewhardware.com\/wp-content\/uploads\/2021\/04\/11-150.jpg','https:\/\/www.viewhardware.com\/wp-content\/uploads\/2021\/04\/12-150.jpg','https:\/\/www.viewhardware.com\/wp-content\/uploads\/2021\/04\/13-150.jpg','https:\/\/www.viewhardware.com\/wp-content\/uploads\/2021\/04\/14-150.jpg','https:\/\/www.viewhardware.com\/wp-content\/uploads\/2021\/04\/15-150.jpg','https:\/\/www.viewhardware.com\/wp-content\/uploads\/2021\/04\/16-150.jpg','https:\/\/www.viewhardware.com\/wp-content\/uploads\/2021\/04\/17-150.jpg','https:\/\/www.viewhardware.com\/wp-content\/uploads\/2021\/04\/18-150.jpg','https:\/\/www.viewhardware.com\/wp-content\/uploads\/2021\/04\/19-150.jpg','https:\/\/www.viewhardware.com\/wp-content\/uploads\/2021\/04\/20-149.jpg','https:\/\/www.viewhardware.com\/wp-content\/uploads\/2021\/04\/21-150.jpg','https:\/\/www.viewhardware.com\/wp-content\/uploads\/2021\/04\/22-150.jpg','https:\/\/www.viewhardware.com\/wp-content\/uploads\/2021\/04\/23-151.jpg','https:\/\/www.viewhardware.com\/wp-content\/uploads\/2021\/04\/24-150.jpg'],\r\n\t\theight: 0,\r\n\t\twidth: 400,\r\n\t\tnavigation: false,\r\n\t\tdrag: true,\r\n\t\tshowCursor: true,\r\n\t\tinterval: 100,\r\n\t\tspeedMultiplier: 7,\r\n\t\tmonitorInt: 10,\r\n\t\t\t\tonReady: function() {\r\n\t\t\t$(\"#threesixty-slider-6224_617oh7\").removeClass('threesixty-loading');\r\n\t\t\t\t\t\t\t\t}\r\n\t\t\t});\r\n\t\t\t}(jQuery));\r\n<\/script><\/a><\/h5>\n<\/td>\n<\/tr>\n<tr>\n<td>\n<section id=\"overview\" class=\"article_content\">\n<p class=\"first-paragraph\" style=\"text-align: left;\">Las\u00a0<b>cintas magn\u00e9ticas de almacenamiento de datos<\/b>\u00a0han sido usadas para el almacenamiento de datos durante los \u00faltimos 50 a\u00f1os. En este tiempo se han hecho varios avances en la composici\u00f3n de la cinta, la envoltura, y la densidad de los datos. La principal diferencia entre el almacenamiento en cintas y en discos es que la cinta es un medio de\u00a0acceso secuencial, mientras que el disco es un medio de acceso aleatorio.<\/p>\n<p style=\"text-align: left;\">Hay dos caracter\u00edsticas clave para clasificar las tecnolog\u00edas de cintas magn\u00e9ticas. La primera es la anchura de la cinta. La anchura m\u00e1s com\u00fan de una cinta de alta capacidad ha sido como m\u00e1ximo media pulgada. Existen muchos otros tama\u00f1os y la mayor\u00eda han sido desarrollados para tener menor encapsulado o mayor capacidad.<\/p>\n<p style=\"text-align: left;\">La segunda clasificaci\u00f3n es seg\u00fan el m\u00e9todo de grabaci\u00f3n. M\u00e1s espec\u00edficamente, la diferencia radica en si los datos son escritos linealmente o por escaneo &#8216;helical&#8217;. El m\u00e9todo lineal ordena en pistas paralelas a la longitud de la cinta. El escaneo &#8216;helical&#8217; escribe peque\u00f1as pistas curvada desde un borde de la cinta hasta el otro. Originalmente, la grabaci\u00f3n lineal significaba ocupar completamente la anchura de la cinta y escribiendo o leyendo todas las pistas a la vez. Una variaci\u00f3n de esta tecnolog\u00eda, es la llamada grabaci\u00f3n lineal &#8216;serpentine&#8217; que solo graba una fracci\u00f3n de las pistas en la cinta a la vez. Despu\u00e9s de realizar una pasada completa, la cabeza se desplaza ligeramente y hace otra pasada en la direcci\u00f3n contraria. Este procedimiento es repetido hasta que todas las pistas han sido le\u00eddas o escritas. Usando este m\u00e9todo, la cinta puede tener m\u00e1s pistas que las usadas con el m\u00e9todo linear normal. En contraste a esto, el m\u00e9todo de escaneo &#8216;helical&#8217; solo necesita una pasada para leer o escribir toda la cinta.<\/p>\n<\/section>\n<\/td>\n<\/tr>\n<\/tbody>\n<\/table>\n<p>&nbsp;<\/p>\n ","protected":false},"excerpt":{"rendered":"<p>&nbsp; Las\u00a0cintas magn\u00e9ticas de almacenamiento de datos\u00a0han sido usadas para el almacenamiento de datos durante los \u00faltimos 50 a\u00f1os. En este tiempo se han hecho varios avances en la composici\u00f3n de la cinta, la envoltura, y la densidad de los <a href=\"https:\/\/www.viewhardware.com\/index.php\/cintas-magneticas\/\" class=\"read-more\">Leer m\u00e1s &#8230;<\/a><\/p>\n","protected":false},"author":1,"featured_media":0,"parent":0,"menu_order":0,"comment_status":"closed","ping_status":"closed","template":"","meta":[],"_links":{"self":[{"href":"https:\/\/www.viewhardware.com\/index.php\/wp-json\/wp\/v2\/pages\/2030"}],"collection":[{"href":"https:\/\/www.viewhardware.com\/index.php\/wp-json\/wp\/v2\/pages"}],"about":[{"href":"https:\/\/www.viewhardware.com\/index.php\/wp-json\/wp\/v2\/types\/page"}],"author":[{"embeddable":true,"href":"https:\/\/www.viewhardware.com\/index.php\/wp-json\/wp\/v2\/users\/1"}],"replies":[{"embeddable":true,"href":"https:\/\/www.viewhardware.com\/index.php\/wp-json\/wp\/v2\/comments?post=2030"}],"version-history":[{"count":12,"href":"https:\/\/www.viewhardware.com\/index.php\/wp-json\/wp\/v2\/pages\/2030\/revisions"}],"predecessor-version":[{"id":11747,"href":"https:\/\/www.viewhardware.com\/index.php\/wp-json\/wp\/v2\/pages\/2030\/revisions\/11747"}],"wp:attachment":[{"href":"https:\/\/www.viewhardware.com\/index.php\/wp-json\/wp\/v2\/media?parent=2030"}],"curies":[{"name":"wp","href":"https:\/\/api.w.org\/{rel}","templated":true}]}}