{"id":236,"date":"2019-04-10T11:31:01","date_gmt":"2019-04-10T10:31:01","guid":{"rendered":"http:\/\/www.viewhardware.com\/?page_id=236"},"modified":"2021-07-02T10:20:44","modified_gmt":"2021-07-02T08:20:44","slug":"colaboraciones","status":"publish","type":"page","link":"https:\/\/www.viewhardware.com\/index.php\/colaboraciones\/","title":{"rendered":"Colaboraciones"},"content":{"rendered":"<p>Estas son las instituciones, particulares e empresas que han echo posible este proyecto, cediendo componentes hardware para su fotografiado en 360\u00ba y su participaci\u00f3n para la creaci\u00f3n de contenidos.<\/p>\n<p><strong>Instituciones:<\/strong><\/p>\n<table>\n<tbody>\n<tr>\n<td style=\"text-align: center;\"><a href=\"http:\/\/iesmaestredecalatrava.es\/\"><img loading=\"lazy\" class=\"alignnone size-full wp-image-247 aligncenter\" src=\"http:\/\/www.viewhardware.com\/wp-content\/uploads\/2019\/04\/MAESTRE.jpg\" alt=\"\" width=\"295\" height=\"134\" srcset=\"https:\/\/www.viewhardware.com\/wp-content\/uploads\/2019\/04\/MAESTRE.jpg 295w, https:\/\/www.viewhardware.com\/wp-content\/uploads\/2019\/04\/MAESTRE-100x45.jpg 100w\" sizes=\"(max-width: 295px) 100vw, 295px\" \/><\/a><br \/>\n<strong>I.E.S. Maestre de Calatrava<\/strong><br \/>\n<strong>Ciudad Real<\/strong><\/td>\n<td style=\"text-align: center;\"><img loading=\"lazy\" class=\"alignnone wp-image-264 \" src=\"http:\/\/www.viewhardware.com\/wp-content\/uploads\/2019\/09\/ies-gregorio-prieto.jpg\" alt=\"\" width=\"177\" height=\"153\" srcset=\"https:\/\/www.viewhardware.com\/wp-content\/uploads\/2019\/09\/ies-gregorio-prieto.jpg 271w, https:\/\/www.viewhardware.com\/wp-content\/uploads\/2019\/09\/ies-gregorio-prieto-100x86.jpg 100w\" sizes=\"(max-width: 177px) 100vw, 177px\" \/><br \/>\n<strong>I.E.S. Gregorio Prieto<\/strong><br \/>\n<strong> Valdepe\u00f1as<\/strong><\/td>\n<td style=\"text-align: center;\"><img loading=\"lazy\" class=\"alignnone wp-image-263 size-medium\" src=\"http:\/\/www.viewhardware.com\/wp-content\/uploads\/2019\/09\/logo_para_web-300x83.png\" alt=\"\" width=\"300\" height=\"83\" srcset=\"https:\/\/www.viewhardware.com\/wp-content\/uploads\/2019\/09\/logo_para_web-300x83.png 300w, https:\/\/www.viewhardware.com\/wp-content\/uploads\/2019\/09\/logo_para_web-360x99.png 360w, https:\/\/www.viewhardware.com\/wp-content\/uploads\/2019\/09\/logo_para_web-100x28.png 100w, https:\/\/www.viewhardware.com\/wp-content\/uploads\/2019\/09\/logo_para_web.png 454w\" sizes=\"(max-width: 300px) 100vw, 300px\" \/><br \/>\n<strong>I.E.S. Modesto Navarro<\/strong><br \/>\n<strong>La Solana<\/strong><\/td>\n<\/tr>\n<tr>\n<td style=\"text-align: center;\">.<img loading=\"lazy\" class=\"alignnone wp-image-13669\" src=\"http:\/\/www.viewhardware.com\/wp-content\/uploads\/2021\/06\/VIRGEN-DE-GRACIA-300x211.png\" alt=\"\" width=\"245\" height=\"172\" srcset=\"https:\/\/www.viewhardware.com\/wp-content\/uploads\/2021\/06\/VIRGEN-DE-GRACIA-300x211.png 300w, https:\/\/www.viewhardware.com\/wp-content\/uploads\/2021\/06\/VIRGEN-DE-GRACIA-768x540.png 768w, https:\/\/www.viewhardware.com\/wp-content\/uploads\/2021\/06\/VIRGEN-DE-GRACIA-360x253.png 360w, https:\/\/www.viewhardware.com\/wp-content\/uploads\/2021\/06\/VIRGEN-DE-GRACIA-100x70.png 100w, https:\/\/www.viewhardware.com\/wp-content\/uploads\/2021\/06\/VIRGEN-DE-GRACIA.png 918w\" sizes=\"(max-width: 245px) 100vw, 245px\" \/><br \/>\n<strong>C.I.F.P. Virgen de Gracia<\/strong><br \/>\n<strong>Puertollano<\/strong><\/td>\n<td style=\"text-align: center;\">.<img loading=\"lazy\" class=\"alignnone wp-image-13670\" src=\"http:\/\/www.viewhardware.com\/wp-content\/uploads\/2021\/06\/JUAN-BOSOC-300x300.jpeg\" alt=\"\" width=\"217\" height=\"217\" srcset=\"https:\/\/www.viewhardware.com\/wp-content\/uploads\/2021\/06\/JUAN-BOSOC-300x300.jpeg 300w, https:\/\/www.viewhardware.com\/wp-content\/uploads\/2021\/06\/JUAN-BOSOC-150x150.jpeg 150w, https:\/\/www.viewhardware.com\/wp-content\/uploads\/2021\/06\/JUAN-BOSOC-270x270.jpeg 270w, https:\/\/www.viewhardware.com\/wp-content\/uploads\/2021\/06\/JUAN-BOSOC-100x100.jpeg 100w, https:\/\/www.viewhardware.com\/wp-content\/uploads\/2021\/06\/JUAN-BOSOC.jpeg 400w\" sizes=\"(max-width: 217px) 100vw, 217px\" \/><br \/>\n<strong>I.E.S. Juan Bosco<\/strong><br \/>\n<strong>Alc\u00e1zar de San Juan<\/strong><\/td>\n<td style=\"text-align: center;\">.<\/td>\n<\/tr>\n<\/tbody>\n<\/table>\n<p><strong>Particulares:<\/strong><\/p>\n<table>\n<tbody>\n<tr>\n<td>Julian Aldavero Molina<\/td>\n<td>Alba Garc\u00eda Salinas<\/td>\n<td>.<\/td>\n<\/tr>\n<tr>\n<td>.<\/td>\n<td>.<\/td>\n<td>.<\/td>\n<\/tr>\n<\/tbody>\n<\/table>\n<p><strong>Empresas:<\/strong><\/p>\n<table>\n<tbody>\n<tr>\n<td><a href=\"https:\/\/tienda.aldavero.com\/\"><img loading=\"lazy\" class=\"alignnone wp-image-244 size-full\" title=\"https:\/\/tienda.aldavero.com\/\" src=\"http:\/\/www.viewhardware.com\/wp-content\/uploads\/2019\/04\/ALDAVERO.jpg\" alt=\"\" width=\"295\" height=\"134\" srcset=\"https:\/\/www.viewhardware.com\/wp-content\/uploads\/2019\/04\/ALDAVERO.jpg 295w, https:\/\/www.viewhardware.com\/wp-content\/uploads\/2019\/04\/ALDAVERO-100x45.jpg 100w\" sizes=\"(max-width: 295px) 100vw, 295px\" \/><\/a><\/td>\n<td><\/td>\n<td><\/td>\n<\/tr>\n<tr>\n<td>.<\/td>\n<td>.<\/td>\n<td>.<\/td>\n<\/tr>\n<\/tbody>\n<\/table>\n<p>Si estas interesado y quieres colaborar en este proyecto no dudes en ponerte en contacto en: <strong><a href=\"mailto:info@viewhardware.com\">info@viewhardware.com<\/a><\/strong> .<\/p>\n ","protected":false},"excerpt":{"rendered":"<p>Estas son las instituciones, particulares e empresas que han echo posible este proyecto, cediendo componentes hardware para su fotografiado en 360\u00ba y su participaci\u00f3n para la creaci\u00f3n de contenidos. Instituciones: I.E.S. Maestre de Calatrava Ciudad Real I.E.S. Gregorio Prieto Valdepe\u00f1as <a href=\"https:\/\/www.viewhardware.com\/index.php\/colaboraciones\/\" class=\"read-more\">Leer m\u00e1s &#8230;<\/a><\/p>\n","protected":false},"author":1,"featured_media":0,"parent":0,"menu_order":0,"comment_status":"closed","ping_status":"closed","template":"","meta":[],"_links":{"self":[{"href":"https:\/\/www.viewhardware.com\/index.php\/wp-json\/wp\/v2\/pages\/236"}],"collection":[{"href":"https:\/\/www.viewhardware.com\/index.php\/wp-json\/wp\/v2\/pages"}],"about":[{"href":"https:\/\/www.viewhardware.com\/index.php\/wp-json\/wp\/v2\/types\/page"}],"author":[{"embeddable":true,"href":"https:\/\/www.viewhardware.com\/index.php\/wp-json\/wp\/v2\/users\/1"}],"replies":[{"embeddable":true,"href":"https:\/\/www.viewhardware.com\/index.php\/wp-json\/wp\/v2\/comments?post=236"}],"version-history":[{"count":23,"href":"https:\/\/www.viewhardware.com\/index.php\/wp-json\/wp\/v2\/pages\/236\/revisions"}],"predecessor-version":[{"id":14643,"href":"https:\/\/www.viewhardware.com\/index.php\/wp-json\/wp\/v2\/pages\/236\/revisions\/14643"}],"wp:attachment":[{"href":"https:\/\/www.viewhardware.com\/index.php\/wp-json\/wp\/v2\/media?parent=236"}],"curies":[{"name":"wp","href":"https:\/\/api.w.org\/{rel}","templated":true}]}}