{"id":252,"date":"2019-04-10T11:47:52","date_gmt":"2019-04-10T10:47:52","guid":{"rendered":"http:\/\/www.viewhardware.com\/?page_id=252"},"modified":"2021-04-28T08:22:08","modified_gmt":"2021-04-28T07:22:08","slug":"inicio","status":"publish","type":"page","link":"https:\/\/www.viewhardware.com\/","title":{"rendered":"Inicio"},"content":{"rendered":"<h3>El objetivo de esta web es mostrar elementos Hardware de una forma distinta a la t\u00edpica fotograf\u00eda que encontramos en Internet, es decir, aqu\u00ed se mostrara gran variedad de componentes f\u00edsicos del ordenador en un <strong>entorno 360\u00ba<\/strong>, de tal forma que <strong><span style=\"color: #008000;\">con el movimiento del rat\u00f3n podemos girar<\/span><\/strong> y poder ver lo m\u00e1s real posible cada uno de ellos.<\/h3>\n<p>&nbsp;<\/p>\n<table style=\"height: 344px;\" width=\"685\">\n<tbody>\n<tr>\n<td>\n<div style=\"display: inline-block;\"><div id=\"threesixty-slider-1717_zS3T4X\" class=\"threesixty-loading threesixty-image threesixty-gray threesixty-glow\" style=\"width: 400px;\">\r\n\t<div class=\"threesixty-preview-1717_zS3T4X\"><img class=\"threesixty-preview-image\" src=\"https:\/\/www.viewhardware.com\/wp-content\/uploads\/2021\/04\/24-1.jpg\"\/><\/div>\r\n\t<div class=\"threesixty-spinner threesixty-spinner-1717_zS3T4X\">\r\n\t\t<span>0%<\/span>\r\n\t<\/div>\r\n\t<ol class=\"threesixty-images threesixty-images-1717_zS3T4X\"><\/ol>\r\n\t\t<\/div>\r\n<!--SPV--><script type=\"text\/javascript\">\/\/SPV\r\n(function($) {\r\n\t\tvar product_1717_zS3T4X = $('#threesixty-slider-1717_zS3T4X').ThreeSixty({\r\n\t\ttotalFrames: 24,\r\n\t\tendFrame: 0,\r\n\t\tcurrentFrame: 24,\r\n\t\timgList: '.threesixty-images-1717_zS3T4X',\r\n\t\tprogress: '.threesixty-spinner-1717_zS3T4X',\r\n\t\tpreview: '.threesixty-preview-1717_zS3T4X',\r\n\t\timages: ['https:\/\/www.viewhardware.com\/wp-content\/uploads\/2021\/04\/01-1.jpg','https:\/\/www.viewhardware.com\/wp-content\/uploads\/2021\/04\/02-1.jpg','https:\/\/www.viewhardware.com\/wp-content\/uploads\/2021\/04\/03-1.jpg','https:\/\/www.viewhardware.com\/wp-content\/uploads\/2021\/04\/04-1.jpg','https:\/\/www.viewhardware.com\/wp-content\/uploads\/2021\/04\/05-1.jpg','https:\/\/www.viewhardware.com\/wp-content\/uploads\/2021\/04\/06-1.jpg','https:\/\/www.viewhardware.com\/wp-content\/uploads\/2021\/04\/07-1.jpg','https:\/\/www.viewhardware.com\/wp-content\/uploads\/2021\/04\/08-1.jpg','https:\/\/www.viewhardware.com\/wp-content\/uploads\/2021\/04\/09-1.jpg','https:\/\/www.viewhardware.com\/wp-content\/uploads\/2021\/04\/10-1.jpg','https:\/\/www.viewhardware.com\/wp-content\/uploads\/2021\/04\/11-1.jpg','https:\/\/www.viewhardware.com\/wp-content\/uploads\/2021\/04\/12-1.jpg','https:\/\/www.viewhardware.com\/wp-content\/uploads\/2021\/04\/13-1.jpg','https:\/\/www.viewhardware.com\/wp-content\/uploads\/2021\/04\/14-1.jpg','https:\/\/www.viewhardware.com\/wp-content\/uploads\/2021\/04\/15-1.jpg','https:\/\/www.viewhardware.com\/wp-content\/uploads\/2021\/04\/16-1.jpg','https:\/\/www.viewhardware.com\/wp-content\/uploads\/2021\/04\/17-1.jpg','https:\/\/www.viewhardware.com\/wp-content\/uploads\/2021\/04\/18-1.jpg','https:\/\/www.viewhardware.com\/wp-content\/uploads\/2021\/04\/19-1.jpg','https:\/\/www.viewhardware.com\/wp-content\/uploads\/2021\/04\/20-1.jpg','https:\/\/www.viewhardware.com\/wp-content\/uploads\/2021\/04\/21-1.jpg','https:\/\/www.viewhardware.com\/wp-content\/uploads\/2021\/04\/22-1.jpg','https:\/\/www.viewhardware.com\/wp-content\/uploads\/2021\/04\/23-1.jpg','https:\/\/www.viewhardware.com\/wp-content\/uploads\/2021\/04\/24-1.jpg'],\r\n\t\theight: 0,\r\n\t\twidth: 400,\r\n\t\tnavigation: false,\r\n\t\tdrag: true,\r\n\t\tshowCursor: true,\r\n\t\tinterval: 100,\r\n\t\tspeedMultiplier: 7,\r\n\t\tmonitorInt: 10,\r\n\t\t\t\tonReady: function() {\r\n\t\t\t$(\"#threesixty-slider-1717_zS3T4X\").removeClass('threesixty-loading');\r\n\t\t\t\t\t\t\t\t}\r\n\t\t\t});\r\n\t\t\t}(jQuery));\r\n<\/script><\/div>\n<\/td>\n<td>\n<p style=\"text-align: left;\"><span style=\"color: #0000ff;\"><strong>Intel C4004<\/strong><\/span><\/p>\n<p style=\"text-align: left;\">Fabricante: Intel<\/p>\n<p style=\"text-align: left;\">Socket: DIP16<\/p>\n<p style=\"text-align: left;\">Frecuencia: 0.79MHz<\/p>\n<p style=\"text-align: left;\">Datos de transferencia: 4 bit<\/p>\n<p style=\"text-align: left;\">Voltaje: 15V \u00b15%<\/p>\n<p style=\"text-align: left;\">Fecha de aparici\u00f3n: Noviembre 1971<\/p>\n<p>&nbsp;<\/td>\n<\/tr>\n<\/tbody>\n<\/table>\n<h3>El material que se muestra en esta Web es material que he recopilado tras muchos a\u00f1os en el mundo de la inform\u00e1tica, pero me gustar\u00eda que m\u00e1s gente pudiera contribuir con este proyecto de distintas formas, solo tienen que poner en contacto conmigo en info@viewhardware.com.<\/h3>\n ","protected":false},"excerpt":{"rendered":"<p>El objetivo de esta web es mostrar elementos Hardware de una forma distinta a la t\u00edpica fotograf\u00eda que encontramos en Internet, es decir, aqu\u00ed se mostrara gran variedad de componentes f\u00edsicos del ordenador en un entorno 360\u00ba, de tal forma <a href=\"https:\/\/www.viewhardware.com\/\" class=\"read-more\">Leer m\u00e1s &#8230;<\/a><\/p>\n","protected":false},"author":1,"featured_media":0,"parent":0,"menu_order":0,"comment_status":"closed","ping_status":"closed","template":"","meta":[],"_links":{"self":[{"href":"https:\/\/www.viewhardware.com\/index.php\/wp-json\/wp\/v2\/pages\/252"}],"collection":[{"href":"https:\/\/www.viewhardware.com\/index.php\/wp-json\/wp\/v2\/pages"}],"about":[{"href":"https:\/\/www.viewhardware.com\/index.php\/wp-json\/wp\/v2\/types\/page"}],"author":[{"embeddable":true,"href":"https:\/\/www.viewhardware.com\/index.php\/wp-json\/wp\/v2\/users\/1"}],"replies":[{"embeddable":true,"href":"https:\/\/www.viewhardware.com\/index.php\/wp-json\/wp\/v2\/comments?post=252"}],"version-history":[{"count":16,"href":"https:\/\/www.viewhardware.com\/index.php\/wp-json\/wp\/v2\/pages\/252\/revisions"}],"predecessor-version":[{"id":5868,"href":"https:\/\/www.viewhardware.com\/index.php\/wp-json\/wp\/v2\/pages\/252\/revisions\/5868"}],"wp:attachment":[{"href":"https:\/\/www.viewhardware.com\/index.php\/wp-json\/wp\/v2\/media?parent=252"}],"curies":[{"name":"wp","href":"https:\/\/api.w.org\/{rel}","templated":true}]}}