{"id":72,"date":"2019-04-08T10:38:41","date_gmt":"2019-04-08T09:38:41","guid":{"rendered":"http:\/\/www.viewhardware.com\/?page_id=72"},"modified":"2021-06-09T13:54:01","modified_gmt":"2021-06-09T11:54:01","slug":"hardware-360o","status":"publish","type":"page","link":"https:\/\/www.viewhardware.com\/index.php\/hardware-360o\/","title":{"rendered":"HARDWARE 360\u00ba"},"content":{"rendered":"<p>HARDWARE 360\u00ba<\/p>\n<p>Aqu\u00ed se muestran todas las categor\u00edas Hardware que disponemos en estos momentos<\/p>\n<p><a href=\"http:\/\/www.viewhardware.com\/index.php\/placas-base\/\">Placas Base<\/a><\/p>\n<p><a href=\"http:\/\/www.viewhardware.com\/index.php\/microprocesadores\/\">Microprocesadores<\/a><\/p>\n<p><a href=\"http:\/\/www.viewhardware.com\/index.php\/memorias-ram\/\">Memorias RAM<\/a><\/p>\n<p><a href=\"http:\/\/www.viewhardware.com\/index.php\/almacenamiento\/\">Almacenamiento<\/a><\/p>\n<p><a href=\"http:\/\/www.viewhardware.com\/index.php\/tarjetas-de-expansion\/\">Tarjetas de Expansi\u00f3n<\/a><\/p>\n<p><a href=\"http:\/\/www.viewhardware.com\/index.php\/perifericos\/\">Perif\u00e9ricos<\/a><\/p>\n<p><a href=\"http:\/\/www.viewhardware.com\/index.php\/fuentes-de-alimentacion\/\">Fuentes de Alimentaci\u00f3n<\/a><\/p>\n<p><a href=\"http:\/\/www.viewhardware.com\/index.php\/cableado-2\/\">Cableado<\/a><\/p>\n ","protected":false},"excerpt":{"rendered":"<p>HARDWARE 360\u00ba Aqu\u00ed se muestran todas las categor\u00edas Hardware que disponemos en estos momentos Placas Base Microprocesadores Memorias RAM Almacenamiento Tarjetas de Expansi\u00f3n Perif\u00e9ricos Fuentes de Alimentaci\u00f3n Cableado<\/p>\n","protected":false},"author":1,"featured_media":0,"parent":0,"menu_order":0,"comment_status":"closed","ping_status":"closed","template":"","meta":[],"_links":{"self":[{"href":"https:\/\/www.viewhardware.com\/index.php\/wp-json\/wp\/v2\/pages\/72"}],"collection":[{"href":"https:\/\/www.viewhardware.com\/index.php\/wp-json\/wp\/v2\/pages"}],"about":[{"href":"https:\/\/www.viewhardware.com\/index.php\/wp-json\/wp\/v2\/types\/page"}],"author":[{"embeddable":true,"href":"https:\/\/www.viewhardware.com\/index.php\/wp-json\/wp\/v2\/users\/1"}],"replies":[{"embeddable":true,"href":"https:\/\/www.viewhardware.com\/index.php\/wp-json\/wp\/v2\/comments?post=72"}],"version-history":[{"count":4,"href":"https:\/\/www.viewhardware.com\/index.php\/wp-json\/wp\/v2\/pages\/72\/revisions"}],"predecessor-version":[{"id":14263,"href":"https:\/\/www.viewhardware.com\/index.php\/wp-json\/wp\/v2\/pages\/72\/revisions\/14263"}],"wp:attachment":[{"href":"https:\/\/www.viewhardware.com\/index.php\/wp-json\/wp\/v2\/media?parent=72"}],"curies":[{"name":"wp","href":"https:\/\/api.w.org\/{rel}","templated":true}]}}